{"id":1065,"date":"2022-09-13T15:14:03","date_gmt":"2022-09-13T15:14:03","guid":{"rendered":"http:\/\/nordicbox.pl\/?page_id=1065"},"modified":"2023-01-13T16:44:56","modified_gmt":"2023-01-13T16:44:56","slug":"cennik","status":"publish","type":"page","link":"https:\/\/nordicbox.pl\/pl\/cennik\/","title":{"rendered":"Cennik"},"content":{"rendered":"<section class=\"wpb-content-wrapper\"><div class=\"vc_row wpb_row vc_row-fluid shape_divider_top-none shape_divider_bottom-none\"><div class=\"wpb_column vc_column_container vc_col-sm-12 sc_layouts_column_icons_position_left\"><div class=\"vc_column-inner\"><div class=\"wpb_wrapper\">\n\t<div class=\"wpb_text_column wpb_content_element\" >\n\t\t<div class=\"wpb_wrapper\">\n\t\t\t<h4>Tutaj mo\u017cesz zobaczy\u0107 rozmiary oraz ceny naszych boks\u00f3w:<\/h4>\n<p>Ceny brutto, zawieraj\u0105 podatek VAT<\/p>\n<div id=\"footable_parent_2041\"\n         class=\"footable_parent ninja_table_wrapper loading_ninja_table wp_table_data_press_parent semantic_ui\">\n                <table data-ninja_table_instance=\"ninja_table_instance_0\" data-footable_id=\"2041\" data-filter-delay=\"1000\" aria-label=\"1-Pris-og-stoerrelse-Sjelle-2022-09-13.csv (Imported From Table Press)\"            id=\"footable_2041\"\n           data-unique_identifier=\"ninja_table_unique_id_70538510_2041\"\n           class=\"foo-table ninja_footable foo_table_2041 ninja_table_unique_id_70538510_2041 ui table  nt_type_ajax_table selectable striped compact vertical_centered  footable-paging-right ninja_table_search_disabled\">\n                <colgroup>\n                            <col class=\"ninja_column_0\">\n                            <col class=\"ninja_column_1\">\n                            <col class=\"ninja_column_2\">\n                            <col class=\"ninja_column_3\">\n                            <col class=\"ninja_column_4\">\n                            <col class=\"ninja_column_5\">\n                            <col class=\"ninja_column_6\">\n                    <\/colgroup>\n            <\/table>\n                    <style type=\"text\/css\" id='ninja_table_custom_css_2041'>\n                        #footable_2041  {\n    font-family: inherit;\n    font-size: 14px;\n    }\n\n    \n                <\/style>\n                \n    \n    \n<\/div>\n\n\n\t\t<\/div>\n\t<\/div>\n<div class=\"wpb_gallery wpb_content_element vc_clearfix\" ><div class=\"wpb_wrapper\"><div class=\"wpb_gallery_slides wpb_flexslider flexslider_fade flexslider\" data-interval=\"5\" data-flex_fx=\"fade\"><ul class=\"slides\"><li><a href=\"https:\/\/nordicbox.pl\/wp-content\/uploads\/2022\/10\/Boxy-19.jpg\" target=\"_self\"><img loading=\"lazy\" decoding=\"async\" width=\"1024\" height=\"683\" src=\"https:\/\/nordicbox.pl\/wp-content\/uploads\/2022\/10\/Boxy-19.jpg\" class=\"attachment-large\" alt=\"\" title=\"Boxy-19\" srcset=\"https:\/\/nordicbox.pl\/wp-content\/uploads\/2022\/10\/Boxy-19.jpg 2048w, https:\/\/nordicbox.pl\/wp-content\/uploads\/2022\/10\/Boxy-19.jpg 300w, https:\/\/nordicbox.pl\/wp-content\/uploads\/2022\/10\/Boxy-19.jpg 1024w, https:\/\/nordicbox.pl\/wp-content\/uploads\/2022\/10\/Boxy-19.jpg 768w, https:\/\/nordicbox.pl\/wp-content\/uploads\/2022\/10\/Boxy-19.jpg 1536w, https:\/\/nordicbox.pl\/wp-content\/uploads\/2022\/10\/Boxy-19.jpg 18w, https:\/\/nordicbox.pl\/wp-content\/uploads\/2022\/10\/Boxy-19.jpg 370w, https:\/\/nordicbox.pl\/wp-content\/uploads\/2022\/10\/Boxy-19.jpg 760w, https:\/\/nordicbox.pl\/wp-content\/uploads\/2022\/10\/Boxy-19.jpg 1520w, https:\/\/nordicbox.pl\/wp-content\/uploads\/2022\/10\/Boxy-19.jpg 740w\" sizes=\"auto, (max-width: 1024px) 100vw, 1024px\" \/><\/a><\/li><li><a href=\"https:\/\/nordicbox.pl\/wp-content\/uploads\/2022\/09\/Boxy-26.jpg\" target=\"_self\"><img loading=\"lazy\" decoding=\"async\" width=\"1024\" height=\"683\" src=\"https:\/\/nordicbox.pl\/wp-content\/uploads\/2022\/09\/Boxy-26.jpg\" class=\"attachment-large\" alt=\"\" title=\"Boxy-26\" srcset=\"https:\/\/nordicbox.pl\/wp-content\/uploads\/2022\/09\/Boxy-26.jpg 2048w, https:\/\/nordicbox.pl\/wp-content\/uploads\/2022\/09\/Boxy-26.jpg 300w, https:\/\/nordicbox.pl\/wp-content\/uploads\/2022\/09\/Boxy-26.jpg 1024w, https:\/\/nordicbox.pl\/wp-content\/uploads\/2022\/09\/Boxy-26.jpg 768w, https:\/\/nordicbox.pl\/wp-content\/uploads\/2022\/09\/Boxy-26.jpg 1536w, https:\/\/nordicbox.pl\/wp-content\/uploads\/2022\/09\/Boxy-26.jpg 18w, https:\/\/nordicbox.pl\/wp-content\/uploads\/2022\/09\/Boxy-26.jpg 370w, https:\/\/nordicbox.pl\/wp-content\/uploads\/2022\/09\/Boxy-26.jpg 760w, https:\/\/nordicbox.pl\/wp-content\/uploads\/2022\/09\/Boxy-26.jpg 1520w, https:\/\/nordicbox.pl\/wp-content\/uploads\/2022\/09\/Boxy-26.jpg 740w\" sizes=\"auto, (max-width: 1024px) 100vw, 1024px\" \/><\/a><\/li><li><a href=\"https:\/\/nordicbox.pl\/wp-content\/uploads\/2022\/09\/Boxy-25.jpg\" target=\"_self\"><img loading=\"lazy\" decoding=\"async\" width=\"1024\" height=\"683\" src=\"https:\/\/nordicbox.pl\/wp-content\/uploads\/2022\/09\/Boxy-25.jpg\" class=\"attachment-large\" alt=\"\" title=\"Boxy-25\" srcset=\"https:\/\/nordicbox.pl\/wp-content\/uploads\/2022\/09\/Boxy-25.jpg 2048w, https:\/\/nordicbox.pl\/wp-content\/uploads\/2022\/09\/Boxy-25.jpg 300w, https:\/\/nordicbox.pl\/wp-content\/uploads\/2022\/09\/Boxy-25.jpg 1024w, https:\/\/nordicbox.pl\/wp-content\/uploads\/2022\/09\/Boxy-25.jpg 768w, https:\/\/nordicbox.pl\/wp-content\/uploads\/2022\/09\/Boxy-25.jpg 1536w, https:\/\/nordicbox.pl\/wp-content\/uploads\/2022\/09\/Boxy-25.jpg 18w, https:\/\/nordicbox.pl\/wp-content\/uploads\/2022\/09\/Boxy-25.jpg 370w, https:\/\/nordicbox.pl\/wp-content\/uploads\/2022\/09\/Boxy-25.jpg 760w, https:\/\/nordicbox.pl\/wp-content\/uploads\/2022\/09\/Boxy-25.jpg 1520w, https:\/\/nordicbox.pl\/wp-content\/uploads\/2022\/09\/Boxy-25.jpg 740w\" sizes=\"auto, (max-width: 1024px) 100vw, 1024px\" \/><\/a><\/li><li><a href=\"https:\/\/nordicbox.pl\/wp-content\/uploads\/2022\/09\/Boxy-31.jpg\" target=\"_self\"><img loading=\"lazy\" decoding=\"async\" width=\"683\" height=\"1024\" src=\"https:\/\/nordicbox.pl\/wp-content\/uploads\/2022\/09\/Boxy-31.jpg\" class=\"attachment-large\" alt=\"\" title=\"Boxy-31\" srcset=\"https:\/\/nordicbox.pl\/wp-content\/uploads\/2022\/09\/Boxy-31.jpg 1365w, https:\/\/nordicbox.pl\/wp-content\/uploads\/2022\/09\/Boxy-31.jpg 200w, https:\/\/nordicbox.pl\/wp-content\/uploads\/2022\/09\/Boxy-31.jpg 683w, https:\/\/nordicbox.pl\/wp-content\/uploads\/2022\/09\/Boxy-31.jpg 768w, https:\/\/nordicbox.pl\/wp-content\/uploads\/2022\/09\/Boxy-31.jpg 1024w, https:\/\/nordicbox.pl\/wp-content\/uploads\/2022\/09\/Boxy-31.jpg 8w, https:\/\/nordicbox.pl\/wp-content\/uploads\/2022\/09\/Boxy-31.jpg 370w, https:\/\/nordicbox.pl\/wp-content\/uploads\/2022\/09\/Boxy-31.jpg 760w, https:\/\/nordicbox.pl\/wp-content\/uploads\/2022\/09\/Boxy-31.jpg 740w\" sizes=\"auto, (max-width: 683px) 100vw, 683px\" \/><\/a><\/li><li><a href=\"https:\/\/nordicbox.pl\/wp-content\/uploads\/2022\/09\/Boxy-32.jpg\" target=\"_self\"><img loading=\"lazy\" decoding=\"async\" width=\"683\" height=\"1024\" src=\"https:\/\/nordicbox.pl\/wp-content\/uploads\/2022\/09\/Boxy-32.jpg\" class=\"attachment-large\" alt=\"\" title=\"Boxy-32\" srcset=\"https:\/\/nordicbox.pl\/wp-content\/uploads\/2022\/09\/Boxy-32.jpg 1365w, https:\/\/nordicbox.pl\/wp-content\/uploads\/2022\/09\/Boxy-32.jpg 200w, https:\/\/nordicbox.pl\/wp-content\/uploads\/2022\/09\/Boxy-32.jpg 683w, https:\/\/nordicbox.pl\/wp-content\/uploads\/2022\/09\/Boxy-32.jpg 768w, https:\/\/nordicbox.pl\/wp-content\/uploads\/2022\/09\/Boxy-32.jpg 1024w, https:\/\/nordicbox.pl\/wp-content\/uploads\/2022\/09\/Boxy-32.jpg 8w, https:\/\/nordicbox.pl\/wp-content\/uploads\/2022\/09\/Boxy-32.jpg 370w, https:\/\/nordicbox.pl\/wp-content\/uploads\/2022\/09\/Boxy-32.jpg 760w, https:\/\/nordicbox.pl\/wp-content\/uploads\/2022\/09\/Boxy-32.jpg 740w\" sizes=\"auto, (max-width: 683px) 100vw, 683px\" \/><\/a><\/li><\/ul><\/div><\/div><\/div><\/div><\/div><\/div><\/div><div class=\"vc_row wpb_row vc_row-fluid shape_divider_top-none shape_divider_bottom-none\"><div class=\"wpb_column vc_column_container vc_col-sm-12 sc_layouts_column_icons_position_left\"><div class=\"vc_column-inner\"><div class=\"wpb_wrapper\"><\/div><\/div><\/div><\/div>\n<\/section>","protected":false},"excerpt":{"rendered":"Here you can see our prices and sizes in Szczecin:&hellip;","protected":false},"author":1,"featured_media":0,"parent":0,"menu_order":0,"comment_status":"closed","ping_status":"closed","template":"","meta":{"_monsterinsights_skip_tracking":false,"_monsterinsights_sitenote_active":false,"_monsterinsights_sitenote_note":"","_monsterinsights_sitenote_category":0,"footnotes":""},"class_list":["post-1065","page","type-page","status-publish","hentry"],"yoast_head":"<!-- This site is optimized with the Yoast SEO plugin v21.9.1 - https:\/\/yoast.com\/wordpress\/plugins\/seo\/ -->\n<title>Zapoznaj si\u0119 z cenami us\u0142ug magazynowych w Szczecinie.<\/title>\n<meta name=\"description\" content=\"Poznaj cennik naszej przestrzeni magazynowej, magazyn self storage mo\u017ce wynaj\u0105\u0107 ju\u017c od 89 z\u0142 netto miesi\u0119cznie.\" \/>\n<meta name=\"robots\" content=\"index, follow, max-snippet:-1, max-image-preview:large, max-video-preview:-1\" \/>\n<link rel=\"canonical\" href=\"https:\/\/nordicbox.pl\/pl\/cennik\/\" \/>\n<meta property=\"og:locale\" content=\"pl_PL\" \/>\n<meta property=\"og:type\" content=\"article\" \/>\n<meta property=\"og:title\" content=\"Zapoznaj si\u0119 z cenami us\u0142ug magazynowych w Szczecinie.\" \/>\n<meta property=\"og:description\" content=\"Poznaj cennik naszej przestrzeni magazynowej, magazyn self storage mo\u017ce wynaj\u0105\u0107 ju\u017c od 89 z\u0142 netto miesi\u0119cznie.\" \/>\n<meta property=\"og:url\" content=\"https:\/\/nordicbox.pl\/pl\/cennik\/\" \/>\n<meta property=\"og:site_name\" content=\"NORDICBOX\" \/>\n<meta property=\"article:modified_time\" content=\"2023-01-13T16:44:56+00:00\" \/>\n<meta name=\"twitter:card\" content=\"summary_large_image\" \/>\n<meta name=\"twitter:label1\" content=\"Szacowany czas czytania\" \/>\n\t<meta name=\"twitter:data1\" content=\"1 minuta\" \/>\n<script type=\"application\/ld+json\" class=\"yoast-schema-graph\">{\"@context\":\"https:\/\/schema.org\",\"@graph\":[{\"@type\":\"WebPage\",\"@id\":\"https:\/\/nordicbox.pl\/pl\/cennik\/\",\"url\":\"https:\/\/nordicbox.pl\/pl\/cennik\/\",\"name\":\"Zapoznaj si\u0119 z cenami us\u0142ug magazynowych w Szczecinie.\",\"isPartOf\":{\"@id\":\"https:\/\/nordicbox.pl\/pl\/#website\"},\"datePublished\":\"2022-09-13T15:14:03+00:00\",\"dateModified\":\"2023-01-13T16:44:56+00:00\",\"description\":\"Poznaj cennik naszej przestrzeni magazynowej, magazyn self storage mo\u017ce wynaj\u0105\u0107 ju\u017c od 89 z\u0142 netto miesi\u0119cznie.\",\"breadcrumb\":{\"@id\":\"https:\/\/nordicbox.pl\/pl\/cennik\/#breadcrumb\"},\"inLanguage\":\"pl-PL\",\"potentialAction\":[{\"@type\":\"ReadAction\",\"target\":[\"https:\/\/nordicbox.pl\/pl\/cennik\/\"]}]},{\"@type\":\"BreadcrumbList\",\"@id\":\"https:\/\/nordicbox.pl\/pl\/cennik\/#breadcrumb\",\"itemListElement\":[{\"@type\":\"ListItem\",\"position\":1,\"name\":\"Home\",\"item\":\"https:\/\/nordicbox.pl\/\"},{\"@type\":\"ListItem\",\"position\":2,\"name\":\"Cennik\"}]},{\"@type\":\"WebSite\",\"@id\":\"https:\/\/nordicbox.pl\/pl\/#website\",\"url\":\"https:\/\/nordicbox.pl\/pl\/\",\"name\":\"NORDICBOX\",\"description\":\"Self-storage\",\"publisher\":{\"@id\":\"https:\/\/nordicbox.pl\/pl\/#organization\"},\"potentialAction\":[{\"@type\":\"SearchAction\",\"target\":{\"@type\":\"EntryPoint\",\"urlTemplate\":\"https:\/\/nordicbox.pl\/pl\/?s={search_term_string}\"},\"query-input\":\"required name=search_term_string\"}],\"inLanguage\":\"pl-PL\"},{\"@type\":\"Organization\",\"@id\":\"https:\/\/nordicbox.pl\/pl\/#organization\",\"name\":\"NORDICBOX\",\"url\":\"https:\/\/nordicbox.pl\/pl\/\",\"logo\":{\"@type\":\"ImageObject\",\"inLanguage\":\"pl-PL\",\"@id\":\"https:\/\/nordicbox.pl\/pl\/#\/schema\/logo\/image\/\",\"url\":\"https:\/\/nordicbox.pl\/wp-content\/uploads\/2022\/07\/NordicBox-storage-1.png\",\"contentUrl\":\"https:\/\/nordicbox.pl\/wp-content\/uploads\/2022\/07\/NordicBox-storage-1.png\",\"width\":524,\"height\":336,\"caption\":\"NORDICBOX\"},\"image\":{\"@id\":\"https:\/\/nordicbox.pl\/pl\/#\/schema\/logo\/image\/\"}}]}<\/script>\n<!-- \/ Yoast SEO plugin. -->","yoast_head_json":{"title":"Zapoznaj si\u0119 z cenami us\u0142ug magazynowych w Szczecinie.","description":"Poznaj cennik naszej przestrzeni magazynowej, magazyn self storage mo\u017ce wynaj\u0105\u0107 ju\u017c od 89 z\u0142 netto miesi\u0119cznie.","robots":{"index":"index","follow":"follow","max-snippet":"max-snippet:-1","max-image-preview":"max-image-preview:large","max-video-preview":"max-video-preview:-1"},"canonical":"https:\/\/nordicbox.pl\/pl\/cennik\/","og_locale":"pl_PL","og_type":"article","og_title":"Zapoznaj si\u0119 z cenami us\u0142ug magazynowych w Szczecinie.","og_description":"Poznaj cennik naszej przestrzeni magazynowej, magazyn self storage mo\u017ce wynaj\u0105\u0107 ju\u017c od 89 z\u0142 netto miesi\u0119cznie.","og_url":"https:\/\/nordicbox.pl\/pl\/cennik\/","og_site_name":"NORDICBOX","article_modified_time":"2023-01-13T16:44:56+00:00","twitter_card":"summary_large_image","twitter_misc":{"Szacowany czas czytania":"1 minuta"},"schema":{"@context":"https:\/\/schema.org","@graph":[{"@type":"WebPage","@id":"https:\/\/nordicbox.pl\/pl\/cennik\/","url":"https:\/\/nordicbox.pl\/pl\/cennik\/","name":"Zapoznaj si\u0119 z cenami us\u0142ug magazynowych w Szczecinie.","isPartOf":{"@id":"https:\/\/nordicbox.pl\/pl\/#website"},"datePublished":"2022-09-13T15:14:03+00:00","dateModified":"2023-01-13T16:44:56+00:00","description":"Poznaj cennik naszej przestrzeni magazynowej, magazyn self storage mo\u017ce wynaj\u0105\u0107 ju\u017c od 89 z\u0142 netto miesi\u0119cznie.","breadcrumb":{"@id":"https:\/\/nordicbox.pl\/pl\/cennik\/#breadcrumb"},"inLanguage":"pl-PL","potentialAction":[{"@type":"ReadAction","target":["https:\/\/nordicbox.pl\/pl\/cennik\/"]}]},{"@type":"BreadcrumbList","@id":"https:\/\/nordicbox.pl\/pl\/cennik\/#breadcrumb","itemListElement":[{"@type":"ListItem","position":1,"name":"Home","item":"https:\/\/nordicbox.pl\/"},{"@type":"ListItem","position":2,"name":"Cennik"}]},{"@type":"WebSite","@id":"https:\/\/nordicbox.pl\/pl\/#website","url":"https:\/\/nordicbox.pl\/pl\/","name":"NORDICBOX","description":"Self-storage","publisher":{"@id":"https:\/\/nordicbox.pl\/pl\/#organization"},"potentialAction":[{"@type":"SearchAction","target":{"@type":"EntryPoint","urlTemplate":"https:\/\/nordicbox.pl\/pl\/?s={search_term_string}"},"query-input":"required name=search_term_string"}],"inLanguage":"pl-PL"},{"@type":"Organization","@id":"https:\/\/nordicbox.pl\/pl\/#organization","name":"NORDICBOX","url":"https:\/\/nordicbox.pl\/pl\/","logo":{"@type":"ImageObject","inLanguage":"pl-PL","@id":"https:\/\/nordicbox.pl\/pl\/#\/schema\/logo\/image\/","url":"https:\/\/nordicbox.pl\/wp-content\/uploads\/2022\/07\/NordicBox-storage-1.png","contentUrl":"https:\/\/nordicbox.pl\/wp-content\/uploads\/2022\/07\/NordicBox-storage-1.png","width":524,"height":336,"caption":"NORDICBOX"},"image":{"@id":"https:\/\/nordicbox.pl\/pl\/#\/schema\/logo\/image\/"}}]}},"jetpack_sharing_enabled":true,"_links":{"self":[{"href":"https:\/\/nordicbox.pl\/pl\/wp-json\/wp\/v2\/pages\/1065","targetHints":{"allow":["GET"]}}],"collection":[{"href":"https:\/\/nordicbox.pl\/pl\/wp-json\/wp\/v2\/pages"}],"about":[{"href":"https:\/\/nordicbox.pl\/pl\/wp-json\/wp\/v2\/types\/page"}],"author":[{"embeddable":true,"href":"https:\/\/nordicbox.pl\/pl\/wp-json\/wp\/v2\/users\/1"}],"replies":[{"embeddable":true,"href":"https:\/\/nordicbox.pl\/pl\/wp-json\/wp\/v2\/comments?post=1065"}],"version-history":[{"count":22,"href":"https:\/\/nordicbox.pl\/pl\/wp-json\/wp\/v2\/pages\/1065\/revisions"}],"predecessor-version":[{"id":2195,"href":"https:\/\/nordicbox.pl\/pl\/wp-json\/wp\/v2\/pages\/1065\/revisions\/2195"}],"wp:attachment":[{"href":"https:\/\/nordicbox.pl\/pl\/wp-json\/wp\/v2\/media?parent=1065"}],"curies":[{"name":"wp","href":"https:\/\/api.w.org\/{rel}","templated":true}]}}