{"id":1864,"date":"2022-09-21T14:44:08","date_gmt":"2022-09-21T14:44:08","guid":{"rendered":"http:\/\/nordicbox.pl\/sign-in\/"},"modified":"2022-09-21T14:44:08","modified_gmt":"2022-09-21T14:44:08","slug":"sign-in","status":"publish","type":"page","link":"https:\/\/nordicbox.pl\/pl\/sign-in\/","title":{"rendered":"Zaloguj si\u0119"},"content":{"rendered":"<style>\r\n    .six-storage-primary-background-color{\r\n        background-color:#f41724!important;\r\n    }\r\n    .six-storage-secondary-background-color{\r\n        background-color:#e32400!important;\r\n    }\r\n    .six_storage_online_text_color{\r\n        color:#000000!important;\r\n    }\r\n    .six-storage-text-border-bottom-color{\r\n        border-bottom-color:#000000!important;\r\n    }\r\n    .six-storage-primary-color{\r\n        color:#f41724!important;\r\n    }\r\n    .six-storage-secondary-color{\r\n        color:#e32400!important;\r\n    }\r\n\r\n    .six-storage-primary-border-bottom-color{\r\n        border-bottom-color:#f41724!important;\r\n    }\r\n    .six-storage-primary-border-left-color{\r\n        border-left-color:#f41724!important;\r\n    }\r\n    .six-storage-secondary-border-left-color{\r\n        border-left-color:#e32400!important;\r\n    }\r\n\r\n    .six-storage-primary-border-color{\r\n        border-color:#f41724!important;\r\n        color:#f41724!important;\r\n    }\r\n    .six-storage-secondary-border-color{\r\n        border-color:#e32400!important;\r\n        color:#e32400!important;\r\n    }\r\n\r\n    .six-storage-primary-background{\r\n        background:#f41724!important;\r\n    }\r\n    .six-storage-secondary-background{\r\n        background:#e32400!important;\r\n    }\r\n\r\n\r\n<\/style>\r\n<div id=\"six-storage-sign-in-one-load-container\" style=\"display:none;\">\r\n<div id=\"six-storage-sign-in-short-code\" class=\"six-storage-grid-container-root\">\r\n<div class=\"\" id=\"six-storage-loading-container\" style=\"display: none\"><\/div>\r\n<div class=\"six-storage-grid-container\">\r\n    <div class=\"grid-row six-storage-grid-mb30\">\r\n        <h2 class=\"cc six-storage-fs-title six-storage-text-center six_storage_online_text_color six-storage-grid-w-100\" id=\"sign-in-header\"><!--Login-->Logowanie<\/h2>\r\n        <hr class=\"six-storage-grid-title-hr six-storage-grid-d-flex six-storage-text-border-bottom-color\">\r\n    <\/div>\r\n    <div class=\"grid-row grid-col-md-6 mx-auto\" id=\"six-storage-unit-lists\">\r\n        <div class=\"grid-col-md-12\">\r\n            <div class=\"six-storage-text-center\" style=\"display: none;position:relative;bottom:20px;\" id=\"six-storage-sign-in-response\"><\/div>\r\n        <\/div>\r\n        <div class=\"grid-col-md-12\" id=\"six-storage-sign-in-body\">\r\n            <form onsubmit=\"event.preventDefault()\" class=\"six-storage-grid-shadow-md cc six-storage-grid-p0 border-0\" data-url=\"https:\/\/nordicbox.pl\/wp-admin\/admin-ajax.php\" autocomplete=\"off\" id=\"sign-in-form\" action=\"\/pl\/post\/\" data-trp-original-action=\"post\">\r\n                <div class=\"form-row row cc six-storage-grid-mb0  six-storage-grid-pb0\">\r\n                    <div class=\"s12\">\r\n                        <div class=\"input-field cc\">\r\n                            <i class=\"material-icons notranslate six-storage-primary-color prefix grey-text\">perm_identity<\/i>\r\n                            <input type=\"text\" class=\"cc\" id=\"username\" aria-describedby=\"inputGroupPrepend\" \/>\r\n                            <label class=\"cc\" for=\"username\">Nazwa u\u017cytkownika<\/label>\r\n                            <div style=\"display: none;\" id=\"username-err\" class=\"six-storage-invalid-feedback\">\r\n                                Wprowad\u017a nazw\u0119 u\u017cytkownika                            <\/div>\r\n                        <\/div>\r\n                    <\/div>\r\n                    <div class=\"s12\">\r\n                        <div class=\"input-field cc password-type-toggle\">\r\n                            <i class=\"material-icons notranslate prefix grey-text six-storage-primary-color\">fingerprint<\/i>\r\n                            <input type=\"password\" class=\"cc\" id=\"password\" aria-describedby=\"inputGroupPrepend\" \/>\r\n                            <label  class=\"cc\" for=\"password\"> Has\u0142o<\/label>\r\n                            <a class=\"waves-effect btn-small six-storage-password-icon prefix  six-storage-grid-shadow-none transparent six-storage-text-center six-storage-right-0\"><i class=\"material-icons notranslate grey-text six-storage-grid-position-relative\" toggle=\"password\" onclick=\"return sixStorageTogglePasswordVisibility(this);\">remove_red_eye<\/i><\/a>\r\n                            <div style=\"display: none;\" id=\"password-err\" class=\"six-storage-invalid-feedback\">\r\n                                Wprowad\u017a has\u0142o                            <\/div>\r\n                        <\/div>\r\n                    <\/div>\r\n                <\/div>\r\n                <div class=\"six-storage-text-center clearfix six-storage-grid-pb15\">\r\n                    <button class=\"waves-effect cc waves-light btn cc six-storage-primary-background signupsubmit-btn\" id=\"six-storage-sign-in-btn\" type=\"submit\" onclick=\"return sixStorageSignIn();\"><span class=\"show-default\">Logowanie<\/span><\/button>\r\n                    <p class=\"cc six-storage-text-center six-storage-grid-mb0\"><a class=\"grid-col-md-12 six-storage-modal-footer-text six-storage-six-storage-font-size-14 six-storage-text-decoration six-storage-font-weight\" id=\"forgotpwd\" href=\"javascript:void(0)\" onclick=\"sixStorageForgotPasswordModal();\"> Forgot Password?<\/a><\/p>\r\n                    <p class=\"cc six-storage-text-center six-storage-grid-mb0\"><a class=\"grid-col-md-12 six-storage-modal-footer-text six-storage-six-storage-font-size-14 six-storage-text-decoration waves-effect waves-light modal-trigger six-storage-font-weight\" data-target=\"sixstorageknowmoretext\" id=\"knowmore\" href=\"javascript:void(0)\"> Masz problemy z logowaniem si\u0119?<\/a><\/p>\r\n                <\/div>\r\n\r\n            <input type=\"hidden\" name=\"trp-form-language\" value=\"pl\"\/><\/form>\r\n        <\/div>\r\n        <input type='hidden' id='six-storage-dashboard-url' value='https:\/\/nordicbox.pl\/pl\/online-dashboard\/'>        <!-- <input type=\"hidden\" id=\"six-storage-dashboard-url\" value=\"https:\/\/nordicbox.pl\/pl\/online-dashboard\/\"> -->\r\n    <\/div>\r\n<\/div>\r\n<div class=\"alert-wrapper six-storage-d-none\" id=\"six-storage-success-msg\">\r\n    <div class=\"six-storage-alert-box green lighten-1 six-storage-grid-d-flex justify-content-between  align-items-center\" id=\"six-storage-dv-alert\">\r\n        <div class=\"text-section six-storage-grid-d-flex align-items-center\">\r\n            <div class=\"six-storage-icon-alert-box green lighten-3 six-storage-rounded-circle six-storage-grid-mr10 six-storage-grid-d-flex align-items-center justify-content-center\">\r\n                <i class=\"material-icons notranslate white-text six-storage-font-size-30\" id=\"alert-icon\">thumb_up<\/i>\r\n            <\/div>\r\n            <p class=\"cc six-storage-alert-text six-storage-font-weight-bold six-storage-grid-m0 white-text six-storage-alert-message\" id=\"six-storage-alert-message\"> Zaktualizowano pomy\u015blnie<\/p>\r\n        <\/div>\r\n        <div class=\"action-close\" onclick=\"sixStorageCloseAlert();\">\r\n            <a class=\"btn-floating btn-large waves-effect waves-light transparent six-storage-icon-alert-box flexbox-important align-items-center justify-content-center six-storage-rounded-circle six-storage-text-decoration-none\">\r\n                <i class=\"material-icons notranslate white-text\">close<\/i>\r\n            <\/a>\r\n        <\/div>\r\n    <\/div>\r\n<\/div>\r\n<div class=\"modal\" id=\"six-storage-browser-compatibility-modal\" style=\"display:none\">\r\n    <div class=\"six-storage-modal-container-header\">\r\n        <div class=\"title\" >\r\n            Better Browser, Better Experience         <\/div>\r\n        <div >\r\n            <button id=\"six-storage-browser-comp-btn\"    class=\"modal-close waves-effect waves-red btn-flat cc\">&times;<\/button>\r\n        <\/div>\r\n    <\/div>\r\n    <div class=\"modal-content six-storage-text-center\" id=\"six-storage-browser-compatibility-Body\">\r\n        <img decoding=\"async\" class=\"cc\" width=\"300\" src=\" https:\/\/nordicbox.pl\/wp-content\/plugins\/6-storage-online\/\/assets\/images\/undraw_mobile_browsers_lib5.svg\" alt=\"Browser Compatiblity \">\r\n        <h4  class=\"cc grey-text six-storage-grid-mt15 six-storage-text-title\"> Popraw swoje wra\u017cenia, w jednej z aktualnych wersji Chrome, Firefox i Edge<\/h4>\r\n\r\n        <button class=\"waves-effect waves-light btn cc secondary modal-close\" onclick=\"localStorage.setItem('ieBrowserLoaded', true);\" id=\"six-storage-browser-comp-btn\" >Okej<\/button>\r\n    <\/div>\r\n<\/div>\r\n  <div id=\"sixstorageknowmoretext\" class=\"modal\">\r\n    <div class=\"modal-content\">\r\n        <div class=\"six-storage-float-right\"> \r\n        <button class=\"modal-close waves-effect waves-red btn-flat six-storage-black-text six-storage-sign-in-close-btn\">\u00d7<\/button>\r\n        <\/div>\r\n      <p class=\"six-storage-six-storage-font-size-15 six-storage-grid-mt15\">1. W has\u0142ach i wiadomo\u015bciach e-mail rozr\u00f3\u017cniana jest wielko\u015b\u0107 liter.<\/p>\r\n      <p class=\"six-storage-six-storage-font-size-15\">2. Sprawd\u017a, czy przed lub po adresie e-mail lub ha\u015ble nie ma dodatkowych spacji.<\/p>\r\n      <p class=\"six-storage-six-storage-font-size-15\">3. Wprowad\u017a swoje has\u0142o r\u0119cznie zamiast kopiowa\u0107 je i wkleja\u0107.<\/p>\r\n    <\/div>\r\n <\/div>\r\n<div class=\"row cc\">\r\n    <div class=\"cc col s12 m12\">\r\n        <div style=\"float:right;\">\r\n            <p class=\"cc\"><b> Powered by <\/b> <a class=\"cc\" href=\"https:\/\/www.6storage.com\/\" target=\"_blank\">6Storage<\/a>\r\n        <\/div>\r\n    <\/div>\r\n<\/div> \r\n<\/div>\r\n<\/div>","protected":false},"excerpt":{"rendered":"","protected":false},"author":1,"featured_media":0,"parent":0,"menu_order":0,"comment_status":"closed","ping_status":"closed","template":"six-storage-full-width.php","meta":{"_monsterinsights_skip_tracking":false,"_monsterinsights_sitenote_active":false,"_monsterinsights_sitenote_note":"","_monsterinsights_sitenote_category":0,"footnotes":""},"class_list":["post-1864","page","type-page","status-publish","hentry"],"yoast_head":"<!-- This site is optimized with the Yoast SEO plugin v21.9.1 - https:\/\/yoast.com\/wordpress\/plugins\/seo\/ -->\n<title>Sign in - NORDICBOX<\/title>\n<meta name=\"robots\" content=\"index, follow, max-snippet:-1, max-image-preview:large, max-video-preview:-1\" \/>\n<link rel=\"canonical\" href=\"https:\/\/nordicbox.pl\/pl\/sign-in\/\" \/>\n<meta property=\"og:locale\" content=\"pl_PL\" \/>\n<meta property=\"og:type\" content=\"article\" \/>\n<meta property=\"og:title\" content=\"Sign in - NORDICBOX\" \/>\n<meta property=\"og:url\" content=\"https:\/\/nordicbox.pl\/pl\/sign-in\/\" \/>\n<meta property=\"og:site_name\" content=\"NORDICBOX\" \/>\n<meta name=\"twitter:card\" content=\"summary_large_image\" \/>\n<script type=\"application\/ld+json\" class=\"yoast-schema-graph\">{\"@context\":\"https:\/\/schema.org\",\"@graph\":[{\"@type\":\"WebPage\",\"@id\":\"https:\/\/nordicbox.pl\/pl\/sign-in\/\",\"url\":\"https:\/\/nordicbox.pl\/pl\/sign-in\/\",\"name\":\"Sign in - NORDICBOX\",\"isPartOf\":{\"@id\":\"https:\/\/nordicbox.pl\/pl\/#website\"},\"datePublished\":\"2022-09-21T14:44:08+00:00\",\"dateModified\":\"2022-09-21T14:44:08+00:00\",\"breadcrumb\":{\"@id\":\"https:\/\/nordicbox.pl\/pl\/sign-in\/#breadcrumb\"},\"inLanguage\":\"pl-PL\",\"potentialAction\":[{\"@type\":\"ReadAction\",\"target\":[\"https:\/\/nordicbox.pl\/pl\/sign-in\/\"]}]},{\"@type\":\"BreadcrumbList\",\"@id\":\"https:\/\/nordicbox.pl\/pl\/sign-in\/#breadcrumb\",\"itemListElement\":[{\"@type\":\"ListItem\",\"position\":1,\"name\":\"Home\",\"item\":\"https:\/\/nordicbox.pl\/\"},{\"@type\":\"ListItem\",\"position\":2,\"name\":\"Sign in\"}]},{\"@type\":\"WebSite\",\"@id\":\"https:\/\/nordicbox.pl\/pl\/#website\",\"url\":\"https:\/\/nordicbox.pl\/pl\/\",\"name\":\"NORDICBOX\",\"description\":\"Self-storage\",\"publisher\":{\"@id\":\"https:\/\/nordicbox.pl\/pl\/#organization\"},\"potentialAction\":[{\"@type\":\"SearchAction\",\"target\":{\"@type\":\"EntryPoint\",\"urlTemplate\":\"https:\/\/nordicbox.pl\/pl\/?s={search_term_string}\"},\"query-input\":\"required name=search_term_string\"}],\"inLanguage\":\"pl-PL\"},{\"@type\":\"Organization\",\"@id\":\"https:\/\/nordicbox.pl\/pl\/#organization\",\"name\":\"NORDICBOX\",\"url\":\"https:\/\/nordicbox.pl\/pl\/\",\"logo\":{\"@type\":\"ImageObject\",\"inLanguage\":\"pl-PL\",\"@id\":\"https:\/\/nordicbox.pl\/pl\/#\/schema\/logo\/image\/\",\"url\":\"https:\/\/nordicbox.pl\/wp-content\/uploads\/2022\/07\/NordicBox-storage-1.png\",\"contentUrl\":\"https:\/\/nordicbox.pl\/wp-content\/uploads\/2022\/07\/NordicBox-storage-1.png\",\"width\":524,\"height\":336,\"caption\":\"NORDICBOX\"},\"image\":{\"@id\":\"https:\/\/nordicbox.pl\/pl\/#\/schema\/logo\/image\/\"}}]}<\/script>\n<!-- \/ Yoast SEO plugin. -->","yoast_head_json":{"title":"Sign in - NORDICBOX","robots":{"index":"index","follow":"follow","max-snippet":"max-snippet:-1","max-image-preview":"max-image-preview:large","max-video-preview":"max-video-preview:-1"},"canonical":"https:\/\/nordicbox.pl\/pl\/sign-in\/","og_locale":"pl_PL","og_type":"article","og_title":"Sign in - NORDICBOX","og_url":"https:\/\/nordicbox.pl\/pl\/sign-in\/","og_site_name":"NORDICBOX","twitter_card":"summary_large_image","schema":{"@context":"https:\/\/schema.org","@graph":[{"@type":"WebPage","@id":"https:\/\/nordicbox.pl\/pl\/sign-in\/","url":"https:\/\/nordicbox.pl\/pl\/sign-in\/","name":"Sign in - NORDICBOX","isPartOf":{"@id":"https:\/\/nordicbox.pl\/pl\/#website"},"datePublished":"2022-09-21T14:44:08+00:00","dateModified":"2022-09-21T14:44:08+00:00","breadcrumb":{"@id":"https:\/\/nordicbox.pl\/pl\/sign-in\/#breadcrumb"},"inLanguage":"pl-PL","potentialAction":[{"@type":"ReadAction","target":["https:\/\/nordicbox.pl\/pl\/sign-in\/"]}]},{"@type":"BreadcrumbList","@id":"https:\/\/nordicbox.pl\/pl\/sign-in\/#breadcrumb","itemListElement":[{"@type":"ListItem","position":1,"name":"Home","item":"https:\/\/nordicbox.pl\/"},{"@type":"ListItem","position":2,"name":"Sign in"}]},{"@type":"WebSite","@id":"https:\/\/nordicbox.pl\/pl\/#website","url":"https:\/\/nordicbox.pl\/pl\/","name":"NORDICBOX","description":"Self-storage","publisher":{"@id":"https:\/\/nordicbox.pl\/pl\/#organization"},"potentialAction":[{"@type":"SearchAction","target":{"@type":"EntryPoint","urlTemplate":"https:\/\/nordicbox.pl\/pl\/?s={search_term_string}"},"query-input":"required name=search_term_string"}],"inLanguage":"pl-PL"},{"@type":"Organization","@id":"https:\/\/nordicbox.pl\/pl\/#organization","name":"NORDICBOX","url":"https:\/\/nordicbox.pl\/pl\/","logo":{"@type":"ImageObject","inLanguage":"pl-PL","@id":"https:\/\/nordicbox.pl\/pl\/#\/schema\/logo\/image\/","url":"https:\/\/nordicbox.pl\/wp-content\/uploads\/2022\/07\/NordicBox-storage-1.png","contentUrl":"https:\/\/nordicbox.pl\/wp-content\/uploads\/2022\/07\/NordicBox-storage-1.png","width":524,"height":336,"caption":"NORDICBOX"},"image":{"@id":"https:\/\/nordicbox.pl\/pl\/#\/schema\/logo\/image\/"}}]}},"jetpack_sharing_enabled":true,"_links":{"self":[{"href":"https:\/\/nordicbox.pl\/pl\/wp-json\/wp\/v2\/pages\/1864","targetHints":{"allow":["GET"]}}],"collection":[{"href":"https:\/\/nordicbox.pl\/pl\/wp-json\/wp\/v2\/pages"}],"about":[{"href":"https:\/\/nordicbox.pl\/pl\/wp-json\/wp\/v2\/types\/page"}],"author":[{"embeddable":true,"href":"https:\/\/nordicbox.pl\/pl\/wp-json\/wp\/v2\/users\/1"}],"replies":[{"embeddable":true,"href":"https:\/\/nordicbox.pl\/pl\/wp-json\/wp\/v2\/comments?post=1864"}],"version-history":[{"count":0,"href":"https:\/\/nordicbox.pl\/pl\/wp-json\/wp\/v2\/pages\/1864\/revisions"}],"wp:attachment":[{"href":"https:\/\/nordicbox.pl\/pl\/wp-json\/wp\/v2\/media?parent=1864"}],"curies":[{"name":"wp","href":"https:\/\/api.w.org\/{rel}","templated":true}]}}