{"id":1867,"date":"2022-09-21T14:44:08","date_gmt":"2022-09-21T14:44:08","guid":{"rendered":"http:\/\/nordicbox.pl\/transaction-response\/"},"modified":"2022-09-21T14:44:08","modified_gmt":"2022-09-21T14:44:08","slug":"transaction-response","status":"publish","type":"page","link":"https:\/\/nordicbox.pl\/pl\/transaction-response\/","title":{"rendered":"Transaction Response"},"content":{"rendered":"<style>\r\n    .six-storage-primary-background-color{\r\n        background-color:#f41724!important;\r\n    }\r\n    .six-storage-secondary-background-color{\r\n        background-color:#e32400!important;\r\n    }\r\n<\/style>\r\n<div id=\"six-storage-thank-you-page\" class=\"six-storage-grid-container-root\">\r\n<form id='six-storage-template-ajax-url' class=\"six-storage-border-none six-storage-grid-shadow-none six-storage-grid-p0 cc six-storage-grid-position-sticky grid-t0 six-storage-z-index-1\" action=\"#\" method=\"post\" data-url=\"https:\/\/nordicbox.pl\/wp-admin\/admin-ajax.php\" data-culture=\"pl-PL\" data-date_format=\"dd.MM.yyyy\" data-currency_format=\"PLN\" data-group_sizes=\"\" data-rent_single_unit=\"1\" data-inclusive_of_tax=\"\" data-trp-original-action=\"#\">\r\n<div class=\"grid-row moveinSuccess\" id=\"six-storage-success-container-ptwofour\" style=\"display:none;\">\r\n    <div class=\"grid-col-md-12\">\r\n        <img decoding=\"async\" src=\" https:\/\/nordicbox.pl\/wp-content\/plugins\/6-storage-online\/\/assets\/images\/Succes-01.svg\" width=\"400\" class=\"img-fluid six-storage-grid-margin-auto cc grid-p35\">\r\n        <div class=\"\">\r\n            <h5 class=\"cc green-text grid-mt0\">\r\n                <!--You have successfully Moved in-->P\u0142atno\u015b\u0107 zosta\u0142a pomy\u015blnie przetworzona<span>.<\/span>\r\n            <\/h5>\r\n        <\/div>\r\n    <\/div>\r\n<\/div>\r\n<div class=\"grid-row  moveinSuccess white\" id=\"six-storage-failed-container-ptwofour\" style=\"display:none;\">\r\n    <div class=\"grid-col-md-12\">\r\n        <img decoding=\"async\" src=\"https:\/\/nordicbox.pl\/wp-content\/plugins\/6-storage-online\/\/assets\/images\/undraw_house_searching_n8mp.svg\" width=\"400\" class=\"img-fluid cc six-storage-grid-p35\">\r\n        <div class=\"six-storage-font-weight-bold\">\r\n            <h5 class=\"cc six-storage-grid-mb10 red-text six-storage-font-size-20\">\r\n               <!-- Payment Failed.-->Nieudana p\u0142atno\u015b\u0107.            <\/h5>\r\n            <p class=\"grey-text  six-storage-grid-mb15\"><!--Please contact storage facility for further information.-->W celu uzyskania dalszych informacji prosimy o kontakt z magazynem.<\/p>\r\n        <\/div>\r\n    <\/div>\r\n<\/div>\r\n<input type=\"hidden\" name=\"trp-form-language\" value=\"pl\"\/><\/form>\r\n<div class=\"row cc\">\r\n    <div class=\"cc col s12 m12\">\r\n        <div style=\"float:right;\">\r\n            <p class=\"cc\"><b> Powered by <\/b> <a class=\"cc\" href=\"https:\/\/www.6storage.com\/\" target=\"_blank\">6Storage<\/a>\r\n        <\/div>\r\n    <\/div>\r\n<\/div> \r\n<\/div>","protected":false},"excerpt":{"rendered":"","protected":false},"author":1,"featured_media":0,"parent":0,"menu_order":0,"comment_status":"closed","ping_status":"closed","template":"six-storage-full-width.php","meta":{"_monsterinsights_skip_tracking":false,"_monsterinsights_sitenote_active":false,"_monsterinsights_sitenote_note":"","_monsterinsights_sitenote_category":0,"footnotes":""},"class_list":["post-1867","page","type-page","status-publish","hentry"],"yoast_head":"<!-- This site is optimized with the Yoast SEO plugin v21.9.1 - https:\/\/yoast.com\/wordpress\/plugins\/seo\/ -->\n<title>Transaction Response - NORDICBOX<\/title>\n<meta name=\"robots\" content=\"index, follow, max-snippet:-1, max-image-preview:large, max-video-preview:-1\" \/>\n<link rel=\"canonical\" href=\"https:\/\/nordicbox.pl\/pl\/transaction-response\/\" \/>\n<meta property=\"og:locale\" content=\"pl_PL\" \/>\n<meta property=\"og:type\" content=\"article\" \/>\n<meta property=\"og:title\" content=\"Transaction Response - NORDICBOX\" \/>\n<meta property=\"og:url\" content=\"https:\/\/nordicbox.pl\/pl\/transaction-response\/\" \/>\n<meta property=\"og:site_name\" content=\"NORDICBOX\" \/>\n<meta name=\"twitter:card\" content=\"summary_large_image\" \/>\n<script type=\"application\/ld+json\" class=\"yoast-schema-graph\">{\"@context\":\"https:\/\/schema.org\",\"@graph\":[{\"@type\":\"WebPage\",\"@id\":\"https:\/\/nordicbox.pl\/pl\/transaction-response\/\",\"url\":\"https:\/\/nordicbox.pl\/pl\/transaction-response\/\",\"name\":\"Transaction Response - NORDICBOX\",\"isPartOf\":{\"@id\":\"https:\/\/nordicbox.pl\/pl\/#website\"},\"datePublished\":\"2022-09-21T14:44:08+00:00\",\"dateModified\":\"2022-09-21T14:44:08+00:00\",\"breadcrumb\":{\"@id\":\"https:\/\/nordicbox.pl\/pl\/transaction-response\/#breadcrumb\"},\"inLanguage\":\"pl-PL\",\"potentialAction\":[{\"@type\":\"ReadAction\",\"target\":[\"https:\/\/nordicbox.pl\/pl\/transaction-response\/\"]}]},{\"@type\":\"BreadcrumbList\",\"@id\":\"https:\/\/nordicbox.pl\/pl\/transaction-response\/#breadcrumb\",\"itemListElement\":[{\"@type\":\"ListItem\",\"position\":1,\"name\":\"Home\",\"item\":\"https:\/\/nordicbox.pl\/\"},{\"@type\":\"ListItem\",\"position\":2,\"name\":\"Transaction Response\"}]},{\"@type\":\"WebSite\",\"@id\":\"https:\/\/nordicbox.pl\/pl\/#website\",\"url\":\"https:\/\/nordicbox.pl\/pl\/\",\"name\":\"NORDICBOX\",\"description\":\"Self-storage\",\"publisher\":{\"@id\":\"https:\/\/nordicbox.pl\/pl\/#organization\"},\"potentialAction\":[{\"@type\":\"SearchAction\",\"target\":{\"@type\":\"EntryPoint\",\"urlTemplate\":\"https:\/\/nordicbox.pl\/pl\/?s={search_term_string}\"},\"query-input\":\"required name=search_term_string\"}],\"inLanguage\":\"pl-PL\"},{\"@type\":\"Organization\",\"@id\":\"https:\/\/nordicbox.pl\/pl\/#organization\",\"name\":\"NORDICBOX\",\"url\":\"https:\/\/nordicbox.pl\/pl\/\",\"logo\":{\"@type\":\"ImageObject\",\"inLanguage\":\"pl-PL\",\"@id\":\"https:\/\/nordicbox.pl\/pl\/#\/schema\/logo\/image\/\",\"url\":\"https:\/\/nordicbox.pl\/wp-content\/uploads\/2022\/07\/NordicBox-storage-1.png\",\"contentUrl\":\"https:\/\/nordicbox.pl\/wp-content\/uploads\/2022\/07\/NordicBox-storage-1.png\",\"width\":524,\"height\":336,\"caption\":\"NORDICBOX\"},\"image\":{\"@id\":\"https:\/\/nordicbox.pl\/pl\/#\/schema\/logo\/image\/\"}}]}<\/script>\n<!-- \/ Yoast SEO plugin. -->","yoast_head_json":{"title":"Transaction Response - NORDICBOX","robots":{"index":"index","follow":"follow","max-snippet":"max-snippet:-1","max-image-preview":"max-image-preview:large","max-video-preview":"max-video-preview:-1"},"canonical":"https:\/\/nordicbox.pl\/pl\/transaction-response\/","og_locale":"pl_PL","og_type":"article","og_title":"Transaction Response - NORDICBOX","og_url":"https:\/\/nordicbox.pl\/pl\/transaction-response\/","og_site_name":"NORDICBOX","twitter_card":"summary_large_image","schema":{"@context":"https:\/\/schema.org","@graph":[{"@type":"WebPage","@id":"https:\/\/nordicbox.pl\/pl\/transaction-response\/","url":"https:\/\/nordicbox.pl\/pl\/transaction-response\/","name":"Transaction Response - NORDICBOX","isPartOf":{"@id":"https:\/\/nordicbox.pl\/pl\/#website"},"datePublished":"2022-09-21T14:44:08+00:00","dateModified":"2022-09-21T14:44:08+00:00","breadcrumb":{"@id":"https:\/\/nordicbox.pl\/pl\/transaction-response\/#breadcrumb"},"inLanguage":"pl-PL","potentialAction":[{"@type":"ReadAction","target":["https:\/\/nordicbox.pl\/pl\/transaction-response\/"]}]},{"@type":"BreadcrumbList","@id":"https:\/\/nordicbox.pl\/pl\/transaction-response\/#breadcrumb","itemListElement":[{"@type":"ListItem","position":1,"name":"Home","item":"https:\/\/nordicbox.pl\/"},{"@type":"ListItem","position":2,"name":"Transaction Response"}]},{"@type":"WebSite","@id":"https:\/\/nordicbox.pl\/pl\/#website","url":"https:\/\/nordicbox.pl\/pl\/","name":"NORDICBOX","description":"Self-storage","publisher":{"@id":"https:\/\/nordicbox.pl\/pl\/#organization"},"potentialAction":[{"@type":"SearchAction","target":{"@type":"EntryPoint","urlTemplate":"https:\/\/nordicbox.pl\/pl\/?s={search_term_string}"},"query-input":"required name=search_term_string"}],"inLanguage":"pl-PL"},{"@type":"Organization","@id":"https:\/\/nordicbox.pl\/pl\/#organization","name":"NORDICBOX","url":"https:\/\/nordicbox.pl\/pl\/","logo":{"@type":"ImageObject","inLanguage":"pl-PL","@id":"https:\/\/nordicbox.pl\/pl\/#\/schema\/logo\/image\/","url":"https:\/\/nordicbox.pl\/wp-content\/uploads\/2022\/07\/NordicBox-storage-1.png","contentUrl":"https:\/\/nordicbox.pl\/wp-content\/uploads\/2022\/07\/NordicBox-storage-1.png","width":524,"height":336,"caption":"NORDICBOX"},"image":{"@id":"https:\/\/nordicbox.pl\/pl\/#\/schema\/logo\/image\/"}}]}},"jetpack_sharing_enabled":true,"_links":{"self":[{"href":"https:\/\/nordicbox.pl\/pl\/wp-json\/wp\/v2\/pages\/1867","targetHints":{"allow":["GET"]}}],"collection":[{"href":"https:\/\/nordicbox.pl\/pl\/wp-json\/wp\/v2\/pages"}],"about":[{"href":"https:\/\/nordicbox.pl\/pl\/wp-json\/wp\/v2\/types\/page"}],"author":[{"embeddable":true,"href":"https:\/\/nordicbox.pl\/pl\/wp-json\/wp\/v2\/users\/1"}],"replies":[{"embeddable":true,"href":"https:\/\/nordicbox.pl\/pl\/wp-json\/wp\/v2\/comments?post=1867"}],"version-history":[{"count":0,"href":"https:\/\/nordicbox.pl\/pl\/wp-json\/wp\/v2\/pages\/1867\/revisions"}],"wp:attachment":[{"href":"https:\/\/nordicbox.pl\/pl\/wp-json\/wp\/v2\/media?parent=1867"}],"curies":[{"name":"wp","href":"https:\/\/api.w.org\/{rel}","templated":true}]}}