{"id":2068,"date":"2022-10-10T10:14:30","date_gmt":"2022-10-10T10:14:30","guid":{"rendered":"https:\/\/nordicbox.pl\/?page_id=2068"},"modified":"2023-09-18T13:35:50","modified_gmt":"2023-09-18T13:35:50","slug":"galeria","status":"publish","type":"page","link":"https:\/\/nordicbox.pl\/pl\/galeria\/","title":{"rendered":"Galeria"},"content":{"rendered":"<section class=\"wpb-content-wrapper\"><div class=\"vc_row wpb_row vc_row-fluid shape_divider_top-none shape_divider_bottom-none\"><div class=\"wpb_column vc_column_container vc_col-sm-4 sc_layouts_column_icons_position_left\"><div class=\"vc_column-inner\"><div class=\"wpb_wrapper\">\n\t<div  class=\"wpb_single_image wpb_content_element vc_align_left\">\n\t\t\n\t\t<figure class=\"wpb_wrapper vc_figure\">\n\t\t\t<div class=\"vc_single_image-wrapper   vc_box_border_grey\"><img loading=\"lazy\" decoding=\"async\" width=\"2048\" height=\"1365\" src=\"https:\/\/nordicbox.pl\/wp-content\/uploads\/2018\/01\/Boxy-16.jpg\" class=\"vc_single_image-img attachment-full\" alt=\"\" title=\"Boxy-16\" srcset=\"https:\/\/nordicbox.pl\/wp-content\/uploads\/2018\/01\/Boxy-16.jpg 2048w, https:\/\/nordicbox.pl\/wp-content\/uploads\/2018\/01\/Boxy-16.jpg 300w, https:\/\/nordicbox.pl\/wp-content\/uploads\/2018\/01\/Boxy-16.jpg 1024w, https:\/\/nordicbox.pl\/wp-content\/uploads\/2018\/01\/Boxy-16.jpg 768w, https:\/\/nordicbox.pl\/wp-content\/uploads\/2018\/01\/Boxy-16.jpg 1536w, https:\/\/nordicbox.pl\/wp-content\/uploads\/2018\/01\/Boxy-16.jpg 18w, https:\/\/nordicbox.pl\/wp-content\/uploads\/2018\/01\/Boxy-16.jpg 370w, https:\/\/nordicbox.pl\/wp-content\/uploads\/2018\/01\/Boxy-16.jpg 760w, https:\/\/nordicbox.pl\/wp-content\/uploads\/2018\/01\/Boxy-16.jpg 1520w, https:\/\/nordicbox.pl\/wp-content\/uploads\/2018\/01\/Boxy-16.jpg 740w\" sizes=\"auto, (max-width: 2048px) 100vw, 2048px\" \/><\/div>\n\t\t<\/figure>\n\t<\/div>\n<div class=\"vc_empty_space  sc_height_tiny\"   style=\"height: 32px\"><span class=\"vc_empty_space_inner\"><\/span><\/div>\n\t<div  class=\"wpb_single_image wpb_content_element vc_align_left\">\n\t\t\n\t\t<figure class=\"wpb_wrapper vc_figure\">\n\t\t\t<div class=\"vc_single_image-wrapper   vc_box_border_grey\"><img loading=\"lazy\" decoding=\"async\" width=\"2048\" height=\"1365\" src=\"https:\/\/nordicbox.pl\/wp-content\/uploads\/2022\/10\/Boxy-6.jpg\" class=\"vc_single_image-img attachment-full\" alt=\"\" title=\"Boxy-6\" srcset=\"https:\/\/nordicbox.pl\/wp-content\/uploads\/2022\/10\/Boxy-6.jpg 2048w, https:\/\/nordicbox.pl\/wp-content\/uploads\/2022\/10\/Boxy-6.jpg 300w, https:\/\/nordicbox.pl\/wp-content\/uploads\/2022\/10\/Boxy-6.jpg 1024w, https:\/\/nordicbox.pl\/wp-content\/uploads\/2022\/10\/Boxy-6.jpg 768w, https:\/\/nordicbox.pl\/wp-content\/uploads\/2022\/10\/Boxy-6.jpg 1536w, https:\/\/nordicbox.pl\/wp-content\/uploads\/2022\/10\/Boxy-6.jpg 18w, https:\/\/nordicbox.pl\/wp-content\/uploads\/2022\/10\/Boxy-6.jpg 370w, https:\/\/nordicbox.pl\/wp-content\/uploads\/2022\/10\/Boxy-6.jpg 760w, https:\/\/nordicbox.pl\/wp-content\/uploads\/2022\/10\/Boxy-6.jpg 1520w, https:\/\/nordicbox.pl\/wp-content\/uploads\/2022\/10\/Boxy-6.jpg 740w\" sizes=\"auto, (max-width: 2048px) 100vw, 2048px\" \/><\/div>\n\t\t<\/figure>\n\t<\/div>\n<div class=\"vc_empty_space  sc_height_tiny\"   style=\"height: 32px\"><span class=\"vc_empty_space_inner\"><\/span><\/div>\n\t<div  class=\"wpb_single_image wpb_content_element vc_align_left\">\n\t\t\n\t\t<figure class=\"wpb_wrapper vc_figure\">\n\t\t\t<div class=\"vc_single_image-wrapper   vc_box_border_grey\"><img loading=\"lazy\" decoding=\"async\" width=\"2048\" height=\"1365\" src=\"https:\/\/nordicbox.pl\/wp-content\/uploads\/2022\/10\/Boxy-19.jpg\" class=\"vc_single_image-img attachment-full\" alt=\"\" title=\"Boxy-19\" srcset=\"https:\/\/nordicbox.pl\/wp-content\/uploads\/2022\/10\/Boxy-19.jpg 2048w, https:\/\/nordicbox.pl\/wp-content\/uploads\/2022\/10\/Boxy-19.jpg 300w, https:\/\/nordicbox.pl\/wp-content\/uploads\/2022\/10\/Boxy-19.jpg 1024w, https:\/\/nordicbox.pl\/wp-content\/uploads\/2022\/10\/Boxy-19.jpg 768w, https:\/\/nordicbox.pl\/wp-content\/uploads\/2022\/10\/Boxy-19.jpg 1536w, https:\/\/nordicbox.pl\/wp-content\/uploads\/2022\/10\/Boxy-19.jpg 18w, https:\/\/nordicbox.pl\/wp-content\/uploads\/2022\/10\/Boxy-19.jpg 370w, https:\/\/nordicbox.pl\/wp-content\/uploads\/2022\/10\/Boxy-19.jpg 760w, https:\/\/nordicbox.pl\/wp-content\/uploads\/2022\/10\/Boxy-19.jpg 1520w, https:\/\/nordicbox.pl\/wp-content\/uploads\/2022\/10\/Boxy-19.jpg 740w\" sizes=\"auto, (max-width: 2048px) 100vw, 2048px\" \/><\/div>\n\t\t<\/figure>\n\t<\/div>\n<\/div><\/div><\/div><div class=\"wpb_column vc_column_container vc_col-sm-4 sc_layouts_column_icons_position_left\"><div class=\"vc_column-inner\"><div class=\"wpb_wrapper\">\n\t<div  class=\"wpb_single_image wpb_content_element vc_align_left\">\n\t\t\n\t\t<figure class=\"wpb_wrapper vc_figure\">\n\t\t\t<div class=\"vc_single_image-wrapper   vc_box_border_grey\"><img loading=\"lazy\" decoding=\"async\" width=\"2048\" height=\"1365\" src=\"https:\/\/nordicbox.pl\/wp-content\/uploads\/2018\/01\/Boxy-23.jpg\" class=\"vc_single_image-img attachment-full\" alt=\"\" title=\"Boxy-23\" srcset=\"https:\/\/nordicbox.pl\/wp-content\/uploads\/2018\/01\/Boxy-23.jpg 2048w, https:\/\/nordicbox.pl\/wp-content\/uploads\/2018\/01\/Boxy-23.jpg 300w, https:\/\/nordicbox.pl\/wp-content\/uploads\/2018\/01\/Boxy-23.jpg 1024w, https:\/\/nordicbox.pl\/wp-content\/uploads\/2018\/01\/Boxy-23.jpg 768w, https:\/\/nordicbox.pl\/wp-content\/uploads\/2018\/01\/Boxy-23.jpg 1536w, https:\/\/nordicbox.pl\/wp-content\/uploads\/2018\/01\/Boxy-23.jpg 18w, https:\/\/nordicbox.pl\/wp-content\/uploads\/2018\/01\/Boxy-23.jpg 370w, https:\/\/nordicbox.pl\/wp-content\/uploads\/2018\/01\/Boxy-23.jpg 760w, https:\/\/nordicbox.pl\/wp-content\/uploads\/2018\/01\/Boxy-23.jpg 1520w, https:\/\/nordicbox.pl\/wp-content\/uploads\/2018\/01\/Boxy-23.jpg 740w\" sizes=\"auto, (max-width: 2048px) 100vw, 2048px\" \/><\/div>\n\t\t<\/figure>\n\t<\/div>\n<div class=\"vc_empty_space  sc_height_tiny\"   style=\"height: 32px\"><span class=\"vc_empty_space_inner\"><\/span><\/div>\n\t<div  class=\"wpb_single_image wpb_content_element vc_align_left\">\n\t\t\n\t\t<figure class=\"wpb_wrapper vc_figure\">\n\t\t\t<div class=\"vc_single_image-wrapper   vc_box_border_grey\"><img loading=\"lazy\" decoding=\"async\" width=\"2048\" height=\"1365\" src=\"https:\/\/nordicbox.pl\/wp-content\/uploads\/2022\/10\/Boxy-8.jpg\" class=\"vc_single_image-img attachment-full\" alt=\"\" title=\"Boxy-8\" srcset=\"https:\/\/nordicbox.pl\/wp-content\/uploads\/2022\/10\/Boxy-8.jpg 2048w, https:\/\/nordicbox.pl\/wp-content\/uploads\/2022\/10\/Boxy-8.jpg 300w, https:\/\/nordicbox.pl\/wp-content\/uploads\/2022\/10\/Boxy-8.jpg 1024w, https:\/\/nordicbox.pl\/wp-content\/uploads\/2022\/10\/Boxy-8.jpg 768w, https:\/\/nordicbox.pl\/wp-content\/uploads\/2022\/10\/Boxy-8.jpg 1536w, https:\/\/nordicbox.pl\/wp-content\/uploads\/2022\/10\/Boxy-8.jpg 18w, https:\/\/nordicbox.pl\/wp-content\/uploads\/2022\/10\/Boxy-8.jpg 370w, https:\/\/nordicbox.pl\/wp-content\/uploads\/2022\/10\/Boxy-8.jpg 760w, https:\/\/nordicbox.pl\/wp-content\/uploads\/2022\/10\/Boxy-8.jpg 1520w, https:\/\/nordicbox.pl\/wp-content\/uploads\/2022\/10\/Boxy-8.jpg 740w\" sizes=\"auto, (max-width: 2048px) 100vw, 2048px\" \/><\/div>\n\t\t<\/figure>\n\t<\/div>\n<div class=\"vc_empty_space  sc_height_tiny\"   style=\"height: 32px\"><span class=\"vc_empty_space_inner\"><\/span><\/div>\n\t<div  class=\"wpb_single_image wpb_content_element vc_align_left\">\n\t\t\n\t\t<figure class=\"wpb_wrapper vc_figure\">\n\t\t\t<div class=\"vc_single_image-wrapper   vc_box_border_grey\"><img loading=\"lazy\" decoding=\"async\" width=\"2048\" height=\"1365\" src=\"https:\/\/nordicbox.pl\/wp-content\/uploads\/2022\/10\/Boxy-30.jpg\" class=\"vc_single_image-img attachment-full\" alt=\"\" title=\"Boxy-30\" srcset=\"https:\/\/nordicbox.pl\/wp-content\/uploads\/2022\/10\/Boxy-30.jpg 2048w, https:\/\/nordicbox.pl\/wp-content\/uploads\/2022\/10\/Boxy-30.jpg 300w, https:\/\/nordicbox.pl\/wp-content\/uploads\/2022\/10\/Boxy-30.jpg 1024w, https:\/\/nordicbox.pl\/wp-content\/uploads\/2022\/10\/Boxy-30.jpg 768w, https:\/\/nordicbox.pl\/wp-content\/uploads\/2022\/10\/Boxy-30.jpg 1536w, https:\/\/nordicbox.pl\/wp-content\/uploads\/2022\/10\/Boxy-30.jpg 18w, https:\/\/nordicbox.pl\/wp-content\/uploads\/2022\/10\/Boxy-30.jpg 370w, https:\/\/nordicbox.pl\/wp-content\/uploads\/2022\/10\/Boxy-30.jpg 760w, https:\/\/nordicbox.pl\/wp-content\/uploads\/2022\/10\/Boxy-30.jpg 1520w, https:\/\/nordicbox.pl\/wp-content\/uploads\/2022\/10\/Boxy-30.jpg 740w\" sizes=\"auto, (max-width: 2048px) 100vw, 2048px\" \/><\/div>\n\t\t<\/figure>\n\t<\/div>\n<\/div><\/div><\/div><div class=\"wpb_column vc_column_container vc_col-sm-4 sc_layouts_column_icons_position_left\"><div class=\"vc_column-inner\"><div class=\"wpb_wrapper\">\n\t<div  class=\"wpb_single_image wpb_content_element vc_align_left\">\n\t\t\n\t\t<figure class=\"wpb_wrapper vc_figure\">\n\t\t\t<div class=\"vc_single_image-wrapper   vc_box_border_grey\"><img loading=\"lazy\" decoding=\"async\" width=\"2048\" height=\"1365\" src=\"https:\/\/nordicbox.pl\/wp-content\/uploads\/2022\/09\/Boxy-21.jpg\" class=\"vc_single_image-img attachment-full\" alt=\"\" title=\"Boxy-21\" srcset=\"https:\/\/nordicbox.pl\/wp-content\/uploads\/2022\/09\/Boxy-21.jpg 2048w, https:\/\/nordicbox.pl\/wp-content\/uploads\/2022\/09\/Boxy-21.jpg 300w, https:\/\/nordicbox.pl\/wp-content\/uploads\/2022\/09\/Boxy-21.jpg 1024w, https:\/\/nordicbox.pl\/wp-content\/uploads\/2022\/09\/Boxy-21.jpg 768w, https:\/\/nordicbox.pl\/wp-content\/uploads\/2022\/09\/Boxy-21.jpg 1536w, https:\/\/nordicbox.pl\/wp-content\/uploads\/2022\/09\/Boxy-21.jpg 18w, https:\/\/nordicbox.pl\/wp-content\/uploads\/2022\/09\/Boxy-21.jpg 370w, https:\/\/nordicbox.pl\/wp-content\/uploads\/2022\/09\/Boxy-21.jpg 760w, https:\/\/nordicbox.pl\/wp-content\/uploads\/2022\/09\/Boxy-21.jpg 1520w, https:\/\/nordicbox.pl\/wp-content\/uploads\/2022\/09\/Boxy-21.jpg 740w\" sizes=\"auto, (max-width: 2048px) 100vw, 2048px\" \/><\/div>\n\t\t<\/figure>\n\t<\/div>\n<div class=\"vc_empty_space  sc_height_tiny\"   style=\"height: 32px\"><span class=\"vc_empty_space_inner\"><\/span><\/div>\n\t<div  class=\"wpb_single_image wpb_content_element vc_align_left\">\n\t\t\n\t\t<figure class=\"wpb_wrapper vc_figure\">\n\t\t\t<div class=\"vc_single_image-wrapper   vc_box_border_grey\"><img loading=\"lazy\" decoding=\"async\" width=\"2048\" height=\"1365\" src=\"https:\/\/nordicbox.pl\/wp-content\/uploads\/2022\/10\/Boxy-25.jpg\" class=\"vc_single_image-img attachment-full\" alt=\"\" title=\"Boxy-25\" srcset=\"https:\/\/nordicbox.pl\/wp-content\/uploads\/2022\/10\/Boxy-25.jpg 2048w, https:\/\/nordicbox.pl\/wp-content\/uploads\/2022\/10\/Boxy-25.jpg 300w, https:\/\/nordicbox.pl\/wp-content\/uploads\/2022\/10\/Boxy-25.jpg 1024w, https:\/\/nordicbox.pl\/wp-content\/uploads\/2022\/10\/Boxy-25.jpg 768w, https:\/\/nordicbox.pl\/wp-content\/uploads\/2022\/10\/Boxy-25.jpg 1536w, https:\/\/nordicbox.pl\/wp-content\/uploads\/2022\/10\/Boxy-25.jpg 18w, https:\/\/nordicbox.pl\/wp-content\/uploads\/2022\/10\/Boxy-25.jpg 370w, https:\/\/nordicbox.pl\/wp-content\/uploads\/2022\/10\/Boxy-25.jpg 760w, https:\/\/nordicbox.pl\/wp-content\/uploads\/2022\/10\/Boxy-25.jpg 1520w, https:\/\/nordicbox.pl\/wp-content\/uploads\/2022\/10\/Boxy-25.jpg 740w\" sizes=\"auto, (max-width: 2048px) 100vw, 2048px\" \/><\/div>\n\t\t<\/figure>\n\t<\/div>\n<div class=\"vc_empty_space  sc_height_tiny\"   style=\"height: 32px\"><span class=\"vc_empty_space_inner\"><\/span><\/div>\n\t<div  class=\"wpb_single_image wpb_content_element vc_align_left\">\n\t\t\n\t\t<figure class=\"wpb_wrapper vc_figure\">\n\t\t\t<div class=\"vc_single_image-wrapper   vc_box_border_grey\"><img loading=\"lazy\" decoding=\"async\" width=\"2048\" height=\"1365\" src=\"https:\/\/nordicbox.pl\/wp-content\/uploads\/2022\/10\/Boxy-26.jpg\" class=\"vc_single_image-img attachment-full\" alt=\"\" title=\"Boxy-26\" srcset=\"https:\/\/nordicbox.pl\/wp-content\/uploads\/2022\/10\/Boxy-26.jpg 2048w, https:\/\/nordicbox.pl\/wp-content\/uploads\/2022\/10\/Boxy-26.jpg 300w, https:\/\/nordicbox.pl\/wp-content\/uploads\/2022\/10\/Boxy-26.jpg 1024w, https:\/\/nordicbox.pl\/wp-content\/uploads\/2022\/10\/Boxy-26.jpg 768w, https:\/\/nordicbox.pl\/wp-content\/uploads\/2022\/10\/Boxy-26.jpg 1536w, https:\/\/nordicbox.pl\/wp-content\/uploads\/2022\/10\/Boxy-26.jpg 18w, https:\/\/nordicbox.pl\/wp-content\/uploads\/2022\/10\/Boxy-26.jpg 370w, https:\/\/nordicbox.pl\/wp-content\/uploads\/2022\/10\/Boxy-26.jpg 760w, https:\/\/nordicbox.pl\/wp-content\/uploads\/2022\/10\/Boxy-26.jpg 1520w, https:\/\/nordicbox.pl\/wp-content\/uploads\/2022\/10\/Boxy-26.jpg 740w\" sizes=\"auto, (max-width: 2048px) 100vw, 2048px\" \/><\/div>\n\t\t<\/figure>\n\t<\/div>\n<\/div><\/div><\/div><\/div><div class=\"vc_row wpb_row vc_row-fluid shape_divider_top-none shape_divider_bottom-none\"><div class=\"wpb_column vc_column_container vc_col-sm-4 sc_layouts_column_icons_position_left\"><div class=\"vc_column-inner\"><div class=\"wpb_wrapper\"><\/div><\/div><\/div><div class=\"wpb_column vc_column_container vc_col-sm-4 sc_layouts_column_icons_position_left\"><div class=\"vc_column-inner\"><div class=\"wpb_wrapper\"><\/div><\/div><\/div><div class=\"wpb_column vc_column_container vc_col-sm-4 sc_layouts_column_icons_position_left\"><div class=\"vc_column-inner\"><div class=\"wpb_wrapper\"><\/div><\/div><\/div><\/div>\n<\/section>","protected":false},"excerpt":{"rendered":"","protected":false},"author":1,"featured_media":0,"parent":0,"menu_order":0,"comment_status":"closed","ping_status":"closed","template":"","meta":{"_monsterinsights_skip_tracking":false,"_monsterinsights_sitenote_active":false,"_monsterinsights_sitenote_note":"","_monsterinsights_sitenote_category":0,"footnotes":""},"class_list":["post-2068","page","type-page","status-publish","hentry"],"yoast_head":"<!-- This site is optimized with the Yoast SEO plugin v21.9.1 - https:\/\/yoast.com\/wordpress\/plugins\/seo\/ -->\n<title>Galeria naszych magazyn\u00f3w samoobs\u0142ugowych Nordicbox.<\/title>\n<meta name=\"description\" content=\"Galeria zdj\u0119\u0107 naszych boks\u00f3w samoobs\u0142ugowych w Szczecinie Nordicbox.\" \/>\n<meta name=\"robots\" content=\"index, follow, max-snippet:-1, max-image-preview:large, max-video-preview:-1\" \/>\n<link rel=\"canonical\" href=\"https:\/\/nordicbox.pl\/pl\/galeria\/\" \/>\n<meta property=\"og:locale\" content=\"pl_PL\" \/>\n<meta property=\"og:type\" content=\"article\" \/>\n<meta property=\"og:title\" content=\"Galeria naszych magazyn\u00f3w samoobs\u0142ugowych Nordicbox.\" \/>\n<meta property=\"og:description\" content=\"Galeria zdj\u0119\u0107 naszych boks\u00f3w samoobs\u0142ugowych w Szczecinie Nordicbox.\" \/>\n<meta property=\"og:url\" content=\"https:\/\/nordicbox.pl\/pl\/galeria\/\" \/>\n<meta property=\"og:site_name\" content=\"NORDICBOX\" \/>\n<meta property=\"article:modified_time\" content=\"2023-09-18T13:35:50+00:00\" \/>\n<meta name=\"twitter:card\" content=\"summary_large_image\" \/>\n<meta name=\"twitter:label1\" content=\"Szacowany czas czytania\" \/>\n\t<meta name=\"twitter:data1\" content=\"1 minuta\" \/>\n<script type=\"application\/ld+json\" class=\"yoast-schema-graph\">{\"@context\":\"https:\/\/schema.org\",\"@graph\":[{\"@type\":\"WebPage\",\"@id\":\"https:\/\/nordicbox.pl\/pl\/galeria\/\",\"url\":\"https:\/\/nordicbox.pl\/pl\/galeria\/\",\"name\":\"Galeria naszych magazyn\u00f3w samoobs\u0142ugowych Nordicbox.\",\"isPartOf\":{\"@id\":\"https:\/\/nordicbox.pl\/pl\/#website\"},\"datePublished\":\"2022-10-10T10:14:30+00:00\",\"dateModified\":\"2023-09-18T13:35:50+00:00\",\"description\":\"Galeria zdj\u0119\u0107 naszych boks\u00f3w samoobs\u0142ugowych w Szczecinie Nordicbox.\",\"breadcrumb\":{\"@id\":\"https:\/\/nordicbox.pl\/pl\/galeria\/#breadcrumb\"},\"inLanguage\":\"pl-PL\",\"potentialAction\":[{\"@type\":\"ReadAction\",\"target\":[\"https:\/\/nordicbox.pl\/pl\/galeria\/\"]}]},{\"@type\":\"BreadcrumbList\",\"@id\":\"https:\/\/nordicbox.pl\/pl\/galeria\/#breadcrumb\",\"itemListElement\":[{\"@type\":\"ListItem\",\"position\":1,\"name\":\"Home\",\"item\":\"https:\/\/nordicbox.pl\/\"},{\"@type\":\"ListItem\",\"position\":2,\"name\":\"Galeria\"}]},{\"@type\":\"WebSite\",\"@id\":\"https:\/\/nordicbox.pl\/pl\/#website\",\"url\":\"https:\/\/nordicbox.pl\/pl\/\",\"name\":\"NORDICBOX\",\"description\":\"Self-storage\",\"publisher\":{\"@id\":\"https:\/\/nordicbox.pl\/pl\/#organization\"},\"potentialAction\":[{\"@type\":\"SearchAction\",\"target\":{\"@type\":\"EntryPoint\",\"urlTemplate\":\"https:\/\/nordicbox.pl\/pl\/?s={search_term_string}\"},\"query-input\":\"required name=search_term_string\"}],\"inLanguage\":\"pl-PL\"},{\"@type\":\"Organization\",\"@id\":\"https:\/\/nordicbox.pl\/pl\/#organization\",\"name\":\"NORDICBOX\",\"url\":\"https:\/\/nordicbox.pl\/pl\/\",\"logo\":{\"@type\":\"ImageObject\",\"inLanguage\":\"pl-PL\",\"@id\":\"https:\/\/nordicbox.pl\/pl\/#\/schema\/logo\/image\/\",\"url\":\"https:\/\/nordicbox.pl\/wp-content\/uploads\/2022\/07\/NordicBox-storage-1.png\",\"contentUrl\":\"https:\/\/nordicbox.pl\/wp-content\/uploads\/2022\/07\/NordicBox-storage-1.png\",\"width\":524,\"height\":336,\"caption\":\"NORDICBOX\"},\"image\":{\"@id\":\"https:\/\/nordicbox.pl\/pl\/#\/schema\/logo\/image\/\"}}]}<\/script>\n<!-- \/ Yoast SEO plugin. -->","yoast_head_json":{"title":"Galeria naszych magazyn\u00f3w samoobs\u0142ugowych Nordicbox.","description":"Galeria zdj\u0119\u0107 naszych boks\u00f3w samoobs\u0142ugowych w Szczecinie Nordicbox.","robots":{"index":"index","follow":"follow","max-snippet":"max-snippet:-1","max-image-preview":"max-image-preview:large","max-video-preview":"max-video-preview:-1"},"canonical":"https:\/\/nordicbox.pl\/pl\/galeria\/","og_locale":"pl_PL","og_type":"article","og_title":"Galeria naszych magazyn\u00f3w samoobs\u0142ugowych Nordicbox.","og_description":"Galeria zdj\u0119\u0107 naszych boks\u00f3w samoobs\u0142ugowych w Szczecinie Nordicbox.","og_url":"https:\/\/nordicbox.pl\/pl\/galeria\/","og_site_name":"NORDICBOX","article_modified_time":"2023-09-18T13:35:50+00:00","twitter_card":"summary_large_image","twitter_misc":{"Szacowany czas czytania":"1 minuta"},"schema":{"@context":"https:\/\/schema.org","@graph":[{"@type":"WebPage","@id":"https:\/\/nordicbox.pl\/pl\/galeria\/","url":"https:\/\/nordicbox.pl\/pl\/galeria\/","name":"Galeria naszych magazyn\u00f3w samoobs\u0142ugowych Nordicbox.","isPartOf":{"@id":"https:\/\/nordicbox.pl\/pl\/#website"},"datePublished":"2022-10-10T10:14:30+00:00","dateModified":"2023-09-18T13:35:50+00:00","description":"Galeria zdj\u0119\u0107 naszych boks\u00f3w samoobs\u0142ugowych w Szczecinie Nordicbox.","breadcrumb":{"@id":"https:\/\/nordicbox.pl\/pl\/galeria\/#breadcrumb"},"inLanguage":"pl-PL","potentialAction":[{"@type":"ReadAction","target":["https:\/\/nordicbox.pl\/pl\/galeria\/"]}]},{"@type":"BreadcrumbList","@id":"https:\/\/nordicbox.pl\/pl\/galeria\/#breadcrumb","itemListElement":[{"@type":"ListItem","position":1,"name":"Home","item":"https:\/\/nordicbox.pl\/"},{"@type":"ListItem","position":2,"name":"Galeria"}]},{"@type":"WebSite","@id":"https:\/\/nordicbox.pl\/pl\/#website","url":"https:\/\/nordicbox.pl\/pl\/","name":"NORDICBOX","description":"Self-storage","publisher":{"@id":"https:\/\/nordicbox.pl\/pl\/#organization"},"potentialAction":[{"@type":"SearchAction","target":{"@type":"EntryPoint","urlTemplate":"https:\/\/nordicbox.pl\/pl\/?s={search_term_string}"},"query-input":"required name=search_term_string"}],"inLanguage":"pl-PL"},{"@type":"Organization","@id":"https:\/\/nordicbox.pl\/pl\/#organization","name":"NORDICBOX","url":"https:\/\/nordicbox.pl\/pl\/","logo":{"@type":"ImageObject","inLanguage":"pl-PL","@id":"https:\/\/nordicbox.pl\/pl\/#\/schema\/logo\/image\/","url":"https:\/\/nordicbox.pl\/wp-content\/uploads\/2022\/07\/NordicBox-storage-1.png","contentUrl":"https:\/\/nordicbox.pl\/wp-content\/uploads\/2022\/07\/NordicBox-storage-1.png","width":524,"height":336,"caption":"NORDICBOX"},"image":{"@id":"https:\/\/nordicbox.pl\/pl\/#\/schema\/logo\/image\/"}}]}},"jetpack_sharing_enabled":true,"_links":{"self":[{"href":"https:\/\/nordicbox.pl\/pl\/wp-json\/wp\/v2\/pages\/2068","targetHints":{"allow":["GET"]}}],"collection":[{"href":"https:\/\/nordicbox.pl\/pl\/wp-json\/wp\/v2\/pages"}],"about":[{"href":"https:\/\/nordicbox.pl\/pl\/wp-json\/wp\/v2\/types\/page"}],"author":[{"embeddable":true,"href":"https:\/\/nordicbox.pl\/pl\/wp-json\/wp\/v2\/users\/1"}],"replies":[{"embeddable":true,"href":"https:\/\/nordicbox.pl\/pl\/wp-json\/wp\/v2\/comments?post=2068"}],"version-history":[{"count":6,"href":"https:\/\/nordicbox.pl\/pl\/wp-json\/wp\/v2\/pages\/2068\/revisions"}],"predecessor-version":[{"id":2188,"href":"https:\/\/nordicbox.pl\/pl\/wp-json\/wp\/v2\/pages\/2068\/revisions\/2188"}],"wp:attachment":[{"href":"https:\/\/nordicbox.pl\/pl\/wp-json\/wp\/v2\/media?parent=2068"}],"curies":[{"name":"wp","href":"https:\/\/api.w.org\/{rel}","templated":true}]}}