{"id":36,"date":"2018-01-12T10:36:58","date_gmt":"2018-01-12T10:36:58","guid":{"rendered":"http:\/\/nordicbox.pl\/?page_id=36"},"modified":"2024-01-15T08:02:15","modified_gmt":"2024-01-15T08:02:15","slug":"o-nas","status":"publish","type":"page","link":"https:\/\/nordicbox.pl\/pl\/o-nas\/","title":{"rendered":"O nas"},"content":{"rendered":"<section class=\"wpb-content-wrapper\"><div data-vc-full-width=\"true\" data-vc-full-width-init=\"false\" class=\"vc_row wpb_row vc_row-fluid vc_custom_1516113235321 vc_row-has-fill shape_divider_top-none shape_divider_bottom-none\"><div class=\"wpb_column vc_column_container vc_col-sm-12 vc_col-md-10 sc_layouts_column_icons_position_left\"><div class=\"vc_column-inner\"><div class=\"wpb_wrapper\"><div class=\"vc_empty_space  sc_height_medium\"   style=\"height: 32px\"><span class=\"vc_empty_space_inner\"><\/span><\/div><div id=\"sc_title_1156262112\"\r\n\t\tclass=\"sc_title sc_title_default\"><h2 class=\"sc_item_title sc_title_title sc_align_left sc_item_title_style_default\">Ludzie polegaj\u0105 na nas w kwestii bezpiecze\u0144stwa ich rzeczy<\/h2><\/div><!-- \/.sc_title --><div class=\"vc_empty_space  sc_height_small\"   style=\"height: 32px\"><span class=\"vc_empty_space_inner\"><\/span><\/div>\n\t<div class=\"wpb_text_column wpb_content_element\" >\n\t\t<div class=\"wpb_wrapper\">\n\t\t\t<p>NORDICBOX to firma selfstorage, kt\u00f3ra oferuje wynajem jednostek magazynowych online z dost\u0119pem 24\/7. Magazyn zabezpieczony jest monitoringiem 24\/7 oraz kodem dost\u0119pu. Nasze boksy s\u0105 idealne dla Twoich sezonowych przedmiot\u00f3w takich jak rower, deska surfingowa itp., czy nadmiaru rzeczy podczas przeprowadzki. Idealne rozwi\u0105zanie dla biznesu, mo\u017cesz u nas przechowa\u0107 dokumenty jak r\u00f3wnie\u017c sprz\u0119t czy sw\u00f3j towar. Mamy szeroki wyb\u00f3r boks\u00f3w magazynowych w bardzo konkurencyjnych cenach.<\/p>\n<p>Nasi du\u0144scy udzia\u0142owcy dzia\u0142aj\u0105 w bran\u017cy od ponad 30 lat, wi\u0119c mamy wiedz\u0119 i do\u015bwiadczenie, aby zapewni\u0107 Pa\u0144stwu jak najlepsz\u0105 obs\u0142ug\u0119. Dzi\u0119ki po\u0142\u0105czeniu du\u0144skiego i polskiego know-how jeste\u015bmy gotowi zaoferowa\u0107 nasze us\u0142ugi mieszka\u0144com Szczecina.\u00a0Naszym celem jest zapewnienie przyst\u0119pnych cen i niezawodnych boks\u00f3w magazynowych dla mieszka\u0144c\u00f3w Szczecina.<\/p>\n\n\t\t<\/div>\n\t<\/div>\n<div class=\"vc_empty_space  vc_custom_1663279280504 sc_height_small\"   style=\"height: 32px\"><span class=\"vc_empty_space_inner\"><\/span><\/div><div class=\"vc_row wpb_row vc_inner vc_row-fluid shape_divider_top-none shape_divider_bottom-none\"><div class=\"wpb_column vc_column_container vc_col-sm-12 sc_layouts_column_icons_position_left\"><div class=\"vc_column-inner\"><div class=\"wpb_wrapper\"><div class=\"vc_empty_space  sc_height_large\"   style=\"height: 32px\"><span class=\"vc_empty_space_inner\"><\/span><\/div><\/div><\/div><\/div><\/div><div class=\"vc_empty_space  sc_height_huge\"   style=\"height: 32px\"><span class=\"vc_empty_space_inner\"><\/span><\/div><\/div><\/div><\/div><\/div><div class=\"vc_row-full-width vc_clearfix\"><\/div><div class=\"vc_row wpb_row vc_row-fluid shape_divider_top-none shape_divider_bottom-none\"><div class=\"wpb_column vc_column_container vc_col-sm-12 sc_layouts_column_icons_position_left\"><div class=\"vc_column-inner\"><div class=\"wpb_wrapper\"><div class=\"sc_content_wrap sc_push_large\"><div id=\"sc_content_296740558\"\r\n\t\tclass=\"sc_content sc_content_default sc_float_center sc_padding_medium  vc_custom_1665135921957\"><div class=\"sc_content_container\"><div class=\"vc_empty_space  sc_height_tiny\"   style=\"height: 32px\"><span class=\"vc_empty_space_inner\"><\/span><\/div><div class=\"vc_row wpb_row vc_inner vc_row-fluid vc_custom_1526453396845 shape_divider_top-none shape_divider_bottom-none\"><div class=\"wpb_column vc_column_container vc_col-sm-6 sc_layouts_column_icons_position_left\"><div class=\"vc_column-inner\"><div class=\"wpb_wrapper\"><div id=\"sc_services_2088417726\" class=\"sc_services sc_services_light sc_services_featured_left\"><div class=\"sc_services_content sc_item_content sc_item_posts_container sc_item_columns_1\"><div class=\"sc_services_item no_links with_content with_icon sc_services_item_featured_left post-248 cpt_services type-cpt_services status-publish has-post-thumbnail hentry cpt_services_group-safe\">\r\n\t<span id=\"sc_services_2088417726_icon-cctv-1_1\"\r\n\t\t\t\t class=\"sc_services_item_icon sc_icon_type_icons icon-cctv-1\"><\/span>\t\r\n\t<div class=\"sc_services_item_info\">\r\n\t\t<div class=\"sc_services_item_header\">\t\t\t<h6 class=\"sc_services_item_title\">\u015awietna lokalizacja<\/h6><div class=\"sc_services_item_subtitle\"><span data-href=\"https:\/\/nordicbox.pl\/pl\/services_group\/safe\/\" title=\"View all posts in Safe\">Safe<\/span><\/div><\/div><div class=\"sc_services_item_content\"><p>Magazyn samoobs\u0142ugowy z ca\u0142odobowym nadzorem blisko centrum miasta przy drodze prowadz\u0105cej na Pogodno, Gumie\u0144ce, Mierzyn, Bezrzecze.<\/p>\n<\/div><\/div>\r\n<\/div><div class=\"sc_services_item no_links with_content with_icon sc_services_item_featured_left post-247 cpt_services type-cpt_services status-publish hentry cpt_services_group-safe\">\r\n\t<span id=\"sc_services_2088417726_icon-shining-sun_2\"\r\n\t\t\t\t class=\"sc_services_item_icon sc_icon_type_icons icon-shining-sun\"><\/span>\t\r\n\t<div class=\"sc_services_item_info\">\r\n\t\t<div class=\"sc_services_item_header\">\t\t\t<h6 class=\"sc_services_item_title\">System rezerwacji online<\/h6><div class=\"sc_services_item_subtitle\"><span data-href=\"https:\/\/nordicbox.pl\/pl\/services_group\/safe\/\" title=\"View all posts in Safe\">Safe<\/span><\/div><\/div><div class=\"sc_services_item_content\"><p>Wiemy, \u017ce Tw\u00f3j czas jest cenny, dlatego zaprojektowali\u015bmy nasz proces rezerwacji tak, aby by\u0142 prosty i intuicyjny.<\/p>\n<\/div><\/div>\r\n<\/div><div class=\"sc_services_item no_links with_content with_icon sc_services_item_featured_left post-244 cpt_services type-cpt_services status-publish hentry cpt_services_group-safe\">\r\n\t<span id=\"sc_services_2088417726_icon-clock-1_3\"\r\n\t\t\t\t class=\"sc_services_item_icon sc_icon_type_icons icon-clock-1\"><\/span>\t\r\n\t<div class=\"sc_services_item_info\">\r\n\t\t<div class=\"sc_services_item_header\">\t\t\t<h6 class=\"sc_services_item_title\">Ca\u0142odobowy dost\u0119p<\/h6><div class=\"sc_services_item_subtitle\"><span data-href=\"https:\/\/nordicbox.pl\/pl\/services_group\/safe\/\" title=\"View all posts in Safe\">Safe<\/span><\/div><\/div><div class=\"sc_services_item_content\"><p>Dost\u0119p do obiektu 24\/7 czyni go naprawd\u0119 wygodnym, mo\u017cesz przyj\u015b\u0107 kiedy tylko chcesz!<\/p>\n<\/div><\/div>\r\n<\/div><\/div><\/div><!-- \/.sc_services --><\/div><\/div><\/div><div class=\"wpb_column vc_column_container vc_col-sm-6 sc_layouts_column_icons_position_left\"><div class=\"vc_column-inner\"><div class=\"wpb_wrapper\"><div id=\"sc_services_195115145\" class=\"sc_services sc_services_light sc_services_featured_right\"><div class=\"sc_services_content sc_item_content sc_item_posts_container sc_item_columns_1\"><div class=\"sc_services_item no_links with_content with_icon sc_services_item_featured_right post-231 cpt_services type-cpt_services status-publish hentry cpt_services_group-safe\">\r\n\t<span id=\"sc_services_195115145_icon-lock-light_4\"\r\n\t\t\t\t class=\"sc_services_item_icon sc_icon_type_icons icon-lock-light\"><\/span>\t\r\n\t<div class=\"sc_services_item_info\">\r\n\t\t<div class=\"sc_services_item_header\">\t\t\t<h6 class=\"sc_services_item_title\">Zabezpieczenie Self Storage<\/h6><div class=\"sc_services_item_subtitle\"><span data-href=\"https:\/\/nordicbox.pl\/pl\/services_group\/safe\/\" title=\"View all posts in Safe\">Safe<\/span><\/div><\/div><div class=\"sc_services_item_content\"><p>Oferujemy wysokiej jako\u015bci magazyn z ca\u0142odobowym nadzorem, w\u0142asnym kodem dost\u0119pu do obiektu oraz rezerwacj\u0105 online. Tw\u00f3j boks zabezpieczony b\u0119dzie k\u0142\u00f3dk\u0105 do kt\u00f3rej tylko Ty posiada\u0107 b\u0119dziesz klucz.<\/p>\n<\/div><\/div>\r\n<\/div><div class=\"sc_services_item no_links with_content with_icon sc_services_item_featured_right post-222 cpt_services type-cpt_services status-publish hentry cpt_services_group-safe\">\r\n\t<span id=\"sc_services_195115145_icon-thermometer_5\"\r\n\t\t\t\t class=\"sc_services_item_icon sc_icon_type_icons icon-thermometer\"><\/span>\t\r\n\t<div class=\"sc_services_item_info\">\r\n\t\t<div class=\"sc_services_item_header\">\t\t\t<h6 class=\"sc_services_item_title\">Bezpieczne przechowywanie<\/h6><div class=\"sc_services_item_subtitle\"><span data-href=\"https:\/\/nordicbox.pl\/pl\/services_group\/safe\/\" title=\"View all posts in Safe\">Safe<\/span><\/div><\/div><div class=\"sc_services_item_content\"><p>Mo\u017cesz pom\u00f3c chroni\u0107 swoje rzeczy osobiste lub w\u0142asno\u015b\u0107 firmy przed ekstremalnie wysokimi i niskimi temperaturami w magazynie z kontrol\u0105 pod k\u0105tem temperatury i wilgotno\u015bci.<\/p>\n<\/div><\/div>\r\n<\/div><div class=\"sc_services_item no_links with_content with_icon sc_services_item_featured_right post-216 cpt_services type-cpt_services status-publish has-post-thumbnail hentry cpt_services_group-safe\">\r\n\t<span id=\"sc_services_195115145_icon-truck-light_6\"\r\n\t\t\t\t class=\"sc_services_item_icon sc_icon_type_icons icon-truck-light\"><\/span>\t\r\n\t<div class=\"sc_services_item_info\">\r\n\t\t<div class=\"sc_services_item_header\">\t\t\t<h6 class=\"sc_services_item_title\">Wysoka brama elektryczna<\/h6><div class=\"sc_services_item_subtitle\"><span data-href=\"https:\/\/nordicbox.pl\/pl\/services_group\/safe\/\" title=\"View all posts in Safe\">Safe<\/span><\/div><\/div><div class=\"sc_services_item_content\"><p>Oferujemy bram\u0119 elektrycznie podnoszon\u0105 o wysoko\u015bci 3 m, szeroko\u015bci 2 m z ramp\u0105 wy\u0142adunkow\u0105 dla bus\u00f3w, aut dostawczych i p\u00f3\u0142ci\u0119\u017car\u00f3wek oraz wind\u0105 towarow\u0105 o szeroko\u015bci 2 m i d\u0142ugo\u015bci 4,5 m<\/p>\n<\/div><\/div>\r\n<\/div><\/div><\/div><!-- \/.sc_services --><\/div><\/div><\/div><\/div><\/div><\/div><!-- \/.sc_content --><\/div><!-- \/.sc_content_wrap --><div class=\"vc_empty_space\"   style=\"height: 30px\"><span class=\"vc_empty_space_inner\"><\/span><\/div><div class=\"vc_btn3-container vc_btn3-center\" ><a class=\"vc_general vc_btn3 vc_btn3-size-lg vc_btn3-shape-rounded vc_btn3-style-modern vc_btn3-block vc_btn3-color-grey\" href=\"https:\/\/nordicbox.pl\/pl\/cennik\/\" title=\"Wynajmij teraz\">CENNIK<\/a><\/div><\/div><\/div><\/div><\/div><div class=\"vc_row wpb_row vc_row-fluid shape_divider_top-none shape_divider_bottom-none\"><div class=\"wpb_column vc_column_container vc_col-sm-12 sc_layouts_column_icons_position_left\"><div class=\"vc_column-inner\"><div class=\"wpb_wrapper\"><div class=\"vc_empty_space\"   style=\"height: 30px\"><span class=\"vc_empty_space_inner\"><\/span><\/div><\/div><\/div><\/div><\/div><div data-vc-full-width=\"true\" data-vc-full-width-init=\"false\" class=\"vc_row wpb_row vc_row-fluid vc_custom_1664293642350 vc_row-has-fill shape_divider_top-none shape_divider_bottom-none\"><div class=\"wpb_column vc_column_container vc_col-sm-12 sc_layouts_column_icons_position_left\"><div class=\"vc_column-inner\"><div class=\"wpb_wrapper\"><div class=\"vc_empty_space  vc_custom_1526458333469 sc_height_huge\"   style=\"height: 32px\"><span class=\"vc_empty_space_inner\"><\/span><\/div><\/div><\/div><\/div><div class=\"wpb_column vc_column_container vc_col-sm-12 vc_col-md-6 sc_layouts_column_icons_position_left\"><div class=\"vc_column-inner\"><div class=\"wpb_wrapper\"><div id=\"sc_title_601367986\"\r\n\t\tclass=\"sc_title sc_title_default\"><h2 class=\"sc_item_title sc_title_title sc_align_left sc_item_title_style_default\">Masz pytania? Skontaktuj si\u0119 z nami!<\/h2><\/div><!-- \/.sc_title --><div class=\"vc_empty_space  vc_custom_1526458301099 sc_height_medium\"   style=\"height: 32px\"><span class=\"vc_empty_space_inner\"><\/span><\/div>\n<div class=\"wpcf7 no-js\" id=\"wpcf7-f309-o1\" lang=\"en-US\" dir=\"ltr\">\n<div class=\"screen-reader-response\"><p role=\"status\" aria-live=\"polite\" aria-atomic=\"true\"><\/p> <ul><\/ul><\/div>\n<form action=\"\/pl\/wp-json\/wp\/v2\/pages\/36#wpcf7-f309-o1\" method=\"post\" class=\"wpcf7-form init\" aria-label=\"Contact form\" novalidate=\"novalidate\" data-status=\"init\" data-trp-original-action=\"\/pl\/wp-json\/wp\/v2\/pages\/36#wpcf7-f309-o1\">\n<div style=\"display: none;\">\n<input type=\"hidden\" name=\"_wpcf7\" value=\"309\" \/>\n<input type=\"hidden\" name=\"_wpcf7_version\" value=\"5.8.6\" \/>\n<input type=\"hidden\" name=\"_wpcf7_locale\" value=\"en_US\" \/>\n<input type=\"hidden\" name=\"_wpcf7_unit_tag\" value=\"wpcf7-f309-o1\" \/>\n<input type=\"hidden\" name=\"_wpcf7_container_post\" value=\"0\" \/>\n<input type=\"hidden\" name=\"_wpcf7_posted_data_hash\" value=\"\" \/>\n<\/div>\n<div class=\"columns_wrap\">\n\t<div class=\"column-1_2\">\n\t\t<p><span class=\"wpcf7-form-control-wrap\" data-name=\"your-name\"><input size=\"40\" class=\"wpcf7-form-control wpcf7-text wpcf7-validates-as-required\" aria-required=\"true\" aria-invalid=\"false\" placeholder=\"Wpisz swoje imi\u0119\" value=\"\" type=\"text\" name=\"your-name\" \/><\/span>\n\t\t<\/p>\n\t<\/div>\n\t<div class=\"column-1_2\">\n\t\t<p><span class=\"wpcf7-form-control-wrap\" data-name=\"your-email\"><input size=\"40\" class=\"wpcf7-form-control wpcf7-email wpcf7-validates-as-required wpcf7-text wpcf7-validates-as-email\" aria-required=\"true\" aria-invalid=\"false\" placeholder=\"Wprowad\u017a sw\u00f3j email\" value=\"\" type=\"email\" name=\"your-email\" \/><\/span>\n\t\t<\/p>\n\t<\/div>\n\t<div class=\"column-1_1\">\n\t\t<p><span class=\"wpcf7-form-control-wrap\" data-name=\"your-message\"><textarea cols=\"40\" rows=\"10\" class=\"wpcf7-form-control wpcf7-textarea wpcf7-validates-as-required\" aria-required=\"true\" aria-invalid=\"false\" placeholder=\"Wpisz swoj\u0105 wiadomo\u015b\u0107\" name=\"your-message\"><\/textarea><\/span>\n\t\t<\/p>\n\t<\/div>\n\t<p><span class=\"wpcf7-form-control-wrap\" data-name=\"acceptance-439\"><span class=\"wpcf7-form-control wpcf7-acceptance\"><span class=\"wpcf7-list-item\"><label><input type=\"checkbox\" name=\"acceptance-439\" value=\"1\" aria-invalid=\"false\" \/><span class=\"wpcf7-list-item-label\">Wyra\u017cam zgod\u0119 na gromadzenie i przechowywanie przes\u0142anych przeze mnie danych.<\/span><\/label><\/span><\/span><\/span>\n\t<\/p>\n\t<div class=\"column-1_1 textalignright\">\n\t\t<p><input class=\"wpcf7-form-control wpcf7-submit has-spinner\" type=\"submit\" value=\"Wy\u015blij wiadomo\u015b\u0107\" \/>\n\t\t<\/p>\n\t<\/div>\n<\/div><div class=\"wpcf7-response-output\" aria-hidden=\"true\"><\/div>\n<input type=\"hidden\" name=\"trp-form-language\" value=\"pl\"\/><\/form>\n<\/div>\n<div class=\"vc_empty_space  sc_height_huge\"   style=\"height: 32px\"><span class=\"vc_empty_space_inner\"><\/span><\/div><\/div><\/div><\/div><div class=\"wpb_column vc_column_container vc_col-sm-12 vc_col-md-offset-1 vc_col-md-5 vc_col-has-fill sc_layouts_column_icons_position_left\"><div class=\"vc_column-inner vc_custom_1526556710178\"><div class=\"wpb_wrapper\"><div class=\"vc_empty_space  sc_height_tiny\"   style=\"height: 32px\"><span class=\"vc_empty_space_inner\"><\/span><\/div><div id=\"sc_content_74555741\"\r\n\t\tclass=\"sc_content sc_content_default sc_float_center sc_padding_medium contact  vc_custom_1526457314344\"><h6 class=\"sc_item_subtitle sc_content_subtitle sc_align_right sc_item_title_style_default\">Kontakt<\/h6><div class=\"sc_content_container\">\n\t<div class=\"wpb_text_column wpb_content_element\" >\n\t\t<div class=\"wpb_wrapper\">\n\t\t\t<p><strong>Lokalizacja<\/strong><\/p>\n<p>ul. Jagiello\u0144ska 50\/57, 70-382 Szczecin, Polska<\/p>\n<p><strong>Email<\/strong><\/p>\n<p><a href=\"mailto:Info@nordicbox.pl\">Info@nordicbox.pl<\/a><\/p>\n<p><strong>Zadzwo\u0144 do nas 08.00-16.00<\/strong><\/p>\n<h4><a href=\"tel:+48881942031\">881 942 031<\/a><\/h4>\n<h4><\/h4>\n\n\t\t<\/div>\n\t<\/div>\n<\/div><\/div><!-- \/.sc_content --><\/div><\/div><\/div><div class=\"wpb_column vc_column_container vc_col-sm-12 vc_hidden-lg vc_hidden-md sc_layouts_column_icons_position_left\"><div class=\"vc_column-inner\"><div class=\"wpb_wrapper\"><div class=\"vc_empty_space  sc_height_huge\"   style=\"height: 32px\"><span class=\"vc_empty_space_inner\"><\/span><\/div><\/div><\/div><\/div><\/div><div class=\"vc_row-full-width vc_clearfix\"><\/div><div class=\"vc_row wpb_row vc_row-fluid shape_divider_top-none shape_divider_bottom-none\"><div class=\"wpb_column vc_column_container vc_col-sm-12 sc_layouts_column_icons_position_left\"><div class=\"vc_column-inner\"><div class=\"wpb_wrapper\"><div class=\"vc_empty_space\"   style=\"height: 30px\"><span class=\"vc_empty_space_inner\"><\/span><\/div><\/div><\/div><\/div><\/div>\n<\/section>","protected":false},"excerpt":{"rendered":"We offer a 3 m high, 2 m wide electrically&hellip;","protected":false},"author":1,"featured_media":0,"parent":0,"menu_order":0,"comment_status":"closed","ping_status":"closed","template":"","meta":{"_monsterinsights_skip_tracking":false,"_monsterinsights_sitenote_active":false,"_monsterinsights_sitenote_note":"","_monsterinsights_sitenote_category":0,"footnotes":""},"class_list":["post-36","page","type-page","status-publish","hentry"],"yoast_head":"<!-- This site is optimized with the Yoast SEO plugin v21.9.1 - https:\/\/yoast.com\/wordpress\/plugins\/seo\/ -->\n<title>Wi\u0119cej o firmie Self Storage Nordicbox.<\/title>\n<meta name=\"description\" content=\"NordicBox to firma self storage, kt\u00f3ra oferuje wynajem przestrzeni magazynowych z dost\u0119pem 24\/7. Magazyn zabezpieczony jest monitoringiem 24\/7 oraz kodem dost\u0119pu\" \/>\n<meta name=\"robots\" content=\"index, follow, max-snippet:-1, max-image-preview:large, max-video-preview:-1\" \/>\n<link rel=\"canonical\" href=\"https:\/\/nordicbox.pl\/pl\/o-nas\/\" \/>\n<meta property=\"og:locale\" content=\"pl_PL\" \/>\n<meta property=\"og:type\" content=\"article\" \/>\n<meta property=\"og:title\" content=\"Wi\u0119cej o firmie Self Storage Nordicbox.\" \/>\n<meta property=\"og:description\" content=\"NordicBox to firma self storage, kt\u00f3ra oferuje wynajem przestrzeni magazynowych z dost\u0119pem 24\/7. Magazyn zabezpieczony jest monitoringiem 24\/7 oraz kodem dost\u0119pu\" \/>\n<meta property=\"og:url\" content=\"https:\/\/nordicbox.pl\/pl\/o-nas\/\" \/>\n<meta property=\"og:site_name\" content=\"NORDICBOX\" \/>\n<meta property=\"article:modified_time\" content=\"2024-01-15T08:02:15+00:00\" \/>\n<meta name=\"twitter:card\" content=\"summary_large_image\" \/>\n<meta name=\"twitter:label1\" content=\"Szacowany czas czytania\" \/>\n\t<meta name=\"twitter:data1\" content=\"2 minuty\" \/>\n<script type=\"application\/ld+json\" class=\"yoast-schema-graph\">{\"@context\":\"https:\/\/schema.org\",\"@graph\":[{\"@type\":\"WebPage\",\"@id\":\"https:\/\/nordicbox.pl\/pl\/o-nas\/\",\"url\":\"https:\/\/nordicbox.pl\/pl\/o-nas\/\",\"name\":\"Wi\u0119cej o firmie Self Storage Nordicbox.\",\"isPartOf\":{\"@id\":\"https:\/\/nordicbox.pl\/pl\/#website\"},\"datePublished\":\"2018-01-12T10:36:58+00:00\",\"dateModified\":\"2024-01-15T08:02:15+00:00\",\"description\":\"NordicBox to firma self storage, kt\u00f3ra oferuje wynajem przestrzeni magazynowych z dost\u0119pem 24\/7. Magazyn zabezpieczony jest monitoringiem 24\/7 oraz kodem dost\u0119pu\",\"breadcrumb\":{\"@id\":\"https:\/\/nordicbox.pl\/pl\/o-nas\/#breadcrumb\"},\"inLanguage\":\"pl-PL\",\"potentialAction\":[{\"@type\":\"ReadAction\",\"target\":[\"https:\/\/nordicbox.pl\/pl\/o-nas\/\"]}]},{\"@type\":\"BreadcrumbList\",\"@id\":\"https:\/\/nordicbox.pl\/pl\/o-nas\/#breadcrumb\",\"itemListElement\":[{\"@type\":\"ListItem\",\"position\":1,\"name\":\"Home\",\"item\":\"https:\/\/nordicbox.pl\/\"},{\"@type\":\"ListItem\",\"position\":2,\"name\":\"About us\"}]},{\"@type\":\"WebSite\",\"@id\":\"https:\/\/nordicbox.pl\/pl\/#website\",\"url\":\"https:\/\/nordicbox.pl\/pl\/\",\"name\":\"NORDICBOX\",\"description\":\"Self-storage\",\"publisher\":{\"@id\":\"https:\/\/nordicbox.pl\/pl\/#organization\"},\"potentialAction\":[{\"@type\":\"SearchAction\",\"target\":{\"@type\":\"EntryPoint\",\"urlTemplate\":\"https:\/\/nordicbox.pl\/pl\/?s={search_term_string}\"},\"query-input\":\"required name=search_term_string\"}],\"inLanguage\":\"pl-PL\"},{\"@type\":\"Organization\",\"@id\":\"https:\/\/nordicbox.pl\/pl\/#organization\",\"name\":\"NORDICBOX\",\"url\":\"https:\/\/nordicbox.pl\/pl\/\",\"logo\":{\"@type\":\"ImageObject\",\"inLanguage\":\"pl-PL\",\"@id\":\"https:\/\/nordicbox.pl\/pl\/#\/schema\/logo\/image\/\",\"url\":\"https:\/\/nordicbox.pl\/wp-content\/uploads\/2022\/07\/NordicBox-storage-1.png\",\"contentUrl\":\"https:\/\/nordicbox.pl\/wp-content\/uploads\/2022\/07\/NordicBox-storage-1.png\",\"width\":524,\"height\":336,\"caption\":\"NORDICBOX\"},\"image\":{\"@id\":\"https:\/\/nordicbox.pl\/pl\/#\/schema\/logo\/image\/\"}}]}<\/script>\n<!-- \/ Yoast SEO plugin. -->","yoast_head_json":{"title":"Wi\u0119cej o firmie Self Storage Nordicbox.","description":"NordicBox to firma self storage, kt\u00f3ra oferuje wynajem przestrzeni magazynowych z dost\u0119pem 24\/7. Magazyn zabezpieczony jest monitoringiem 24\/7 oraz kodem dost\u0119pu","robots":{"index":"index","follow":"follow","max-snippet":"max-snippet:-1","max-image-preview":"max-image-preview:large","max-video-preview":"max-video-preview:-1"},"canonical":"https:\/\/nordicbox.pl\/pl\/o-nas\/","og_locale":"pl_PL","og_type":"article","og_title":"Wi\u0119cej o firmie Self Storage Nordicbox.","og_description":"NordicBox to firma self storage, kt\u00f3ra oferuje wynajem przestrzeni magazynowych z dost\u0119pem 24\/7. Magazyn zabezpieczony jest monitoringiem 24\/7 oraz kodem dost\u0119pu","og_url":"https:\/\/nordicbox.pl\/pl\/o-nas\/","og_site_name":"NORDICBOX","article_modified_time":"2024-01-15T08:02:15+00:00","twitter_card":"summary_large_image","twitter_misc":{"Szacowany czas czytania":"2 minuty"},"schema":{"@context":"https:\/\/schema.org","@graph":[{"@type":"WebPage","@id":"https:\/\/nordicbox.pl\/pl\/o-nas\/","url":"https:\/\/nordicbox.pl\/pl\/o-nas\/","name":"Wi\u0119cej o firmie Self Storage Nordicbox.","isPartOf":{"@id":"https:\/\/nordicbox.pl\/pl\/#website"},"datePublished":"2018-01-12T10:36:58+00:00","dateModified":"2024-01-15T08:02:15+00:00","description":"NordicBox to firma self storage, kt\u00f3ra oferuje wynajem przestrzeni magazynowych z dost\u0119pem 24\/7. Magazyn zabezpieczony jest monitoringiem 24\/7 oraz kodem dost\u0119pu","breadcrumb":{"@id":"https:\/\/nordicbox.pl\/pl\/o-nas\/#breadcrumb"},"inLanguage":"pl-PL","potentialAction":[{"@type":"ReadAction","target":["https:\/\/nordicbox.pl\/pl\/o-nas\/"]}]},{"@type":"BreadcrumbList","@id":"https:\/\/nordicbox.pl\/pl\/o-nas\/#breadcrumb","itemListElement":[{"@type":"ListItem","position":1,"name":"Home","item":"https:\/\/nordicbox.pl\/"},{"@type":"ListItem","position":2,"name":"About us"}]},{"@type":"WebSite","@id":"https:\/\/nordicbox.pl\/pl\/#website","url":"https:\/\/nordicbox.pl\/pl\/","name":"NORDICBOX","description":"Self-storage","publisher":{"@id":"https:\/\/nordicbox.pl\/pl\/#organization"},"potentialAction":[{"@type":"SearchAction","target":{"@type":"EntryPoint","urlTemplate":"https:\/\/nordicbox.pl\/pl\/?s={search_term_string}"},"query-input":"required name=search_term_string"}],"inLanguage":"pl-PL"},{"@type":"Organization","@id":"https:\/\/nordicbox.pl\/pl\/#organization","name":"NORDICBOX","url":"https:\/\/nordicbox.pl\/pl\/","logo":{"@type":"ImageObject","inLanguage":"pl-PL","@id":"https:\/\/nordicbox.pl\/pl\/#\/schema\/logo\/image\/","url":"https:\/\/nordicbox.pl\/wp-content\/uploads\/2022\/07\/NordicBox-storage-1.png","contentUrl":"https:\/\/nordicbox.pl\/wp-content\/uploads\/2022\/07\/NordicBox-storage-1.png","width":524,"height":336,"caption":"NORDICBOX"},"image":{"@id":"https:\/\/nordicbox.pl\/pl\/#\/schema\/logo\/image\/"}}]}},"jetpack_sharing_enabled":true,"_links":{"self":[{"href":"https:\/\/nordicbox.pl\/pl\/wp-json\/wp\/v2\/pages\/36","targetHints":{"allow":["GET"]}}],"collection":[{"href":"https:\/\/nordicbox.pl\/pl\/wp-json\/wp\/v2\/pages"}],"about":[{"href":"https:\/\/nordicbox.pl\/pl\/wp-json\/wp\/v2\/types\/page"}],"author":[{"embeddable":true,"href":"https:\/\/nordicbox.pl\/pl\/wp-json\/wp\/v2\/users\/1"}],"replies":[{"embeddable":true,"href":"https:\/\/nordicbox.pl\/pl\/wp-json\/wp\/v2\/comments?post=36"}],"version-history":[{"count":13,"href":"https:\/\/nordicbox.pl\/pl\/wp-json\/wp\/v2\/pages\/36\/revisions"}],"predecessor-version":[{"id":2194,"href":"https:\/\/nordicbox.pl\/pl\/wp-json\/wp\/v2\/pages\/36\/revisions\/2194"}],"wp:attachment":[{"href":"https:\/\/nordicbox.pl\/pl\/wp-json\/wp\/v2\/media?parent=36"}],"curies":[{"name":"wp","href":"https:\/\/api.w.org\/{rel}","templated":true}]}}