{"id":39,"date":"2018-01-12T10:37:42","date_gmt":"2018-01-12T10:37:42","guid":{"rendered":"http:\/\/nordicbox.pl\/?page_id=39"},"modified":"2024-01-15T06:08:09","modified_gmt":"2024-01-15T06:08:09","slug":"contacts","status":"publish","type":"page","link":"https:\/\/nordicbox.pl\/pl\/contacts\/","title":{"rendered":"Kontakt"},"content":{"rendered":"<section class=\"wpb-content-wrapper\"><div data-vc-full-width=\"true\" data-vc-full-width-init=\"false\" data-vc-stretch-content=\"true\" class=\"vc_row wpb_row vc_row-fluid vc_row-no-padding shape_divider_top-none shape_divider_bottom-none\"><div class=\"wpb_column vc_column_container vc_col-sm-12 sc_layouts_column_icons_position_left\"><div class=\"vc_column-inner\"><div class=\"wpb_wrapper\"><div class=\"vc_empty_space\"   style=\"height: 30px\"><span class=\"vc_empty_space_inner\"><\/span><\/div><\/div><\/div><\/div><div class=\"wpb_column vc_column_container vc_col-sm-12 sc_layouts_column_icons_position_left\"><div class=\"vc_column-inner\"><div class=\"wpb_wrapper\"><div id=\"sc_googlemap_1606517863_wrap\" class=\"sc_googlemap_wrap\"><div id=\"sc_googlemap_1606517863\"\r\n\t\t\tclass=\"sc_googlemap sc_googlemap_default trx_addons_inline_1416607740\"\r\n\t\t\t\t\t\tdata-zoom=\"16\"\r\n\t\t\tdata-center=\"\"\r\n\t\t\tdata-style=\"dark\"\r\n\t\t\tdata-cluster-icon=\"857\"\r\n\t\t\t><iframe\r\n                        src=\"https:\/\/maps.google.com\/maps?t=m&output=embed&iwloc=near&z=16&q=53.43371479577263,14.524231474559793\"\r\n                        scrolling=\"no\"\r\n                        marginheight=\"0\"\r\n                        marginwidth=\"0\"\r\n                        frameborder=\"0\"\r\n                        aria-label=\"One\"><\/iframe><\/div><\/div><!-- \/.sc_googlemap_wrap --><\/div><\/div><\/div><\/div><div class=\"vc_row-full-width vc_clearfix\"><\/div><div class=\"vc_row wpb_row vc_row-fluid shape_divider_top-none shape_divider_bottom-none\"><div class=\"wpb_column vc_column_container vc_col-sm-12 sc_layouts_column_icons_position_left\"><div class=\"vc_column-inner\"><div class=\"wpb_wrapper\"><div class=\"vc_empty_space  sc_height_huge\"   style=\"height: 32px\"><span class=\"vc_empty_space_inner\"><\/span><\/div><div id=\"sc_icons_1521819896\" \r\n\tclass=\"sc_icons sc_icons_default sc_icons_size_small sc_align_center\"><div class=\"sc_icons_columns_wrap sc_item_columns trx_addons_columns_wrap columns_padding_bottom\"><div class=\"trx_addons_column-1_3\"><div class=\"sc_icons_item\"><div id=\"sc_icons_1521819896_icon-location\" class=\"sc_icons_icon sc_icon_type_ icon-location\"><span class=\"sc_icon_type_ icon-location\"><\/span><\/div><h4 class=\"sc_icons_item_title\"><span>Lokalizacja<\/span><\/h4><div class=\"sc_icons_item_description\"><span>Jagiello\u0144ska 50\/57,<br> 70-382 Szczecin<\/span><\/div><\/div><\/div><div class=\"trx_addons_column-1_3\"><div class=\"sc_icons_item\"><div id=\"sc_icons_1521819896_icon-mail\" class=\"sc_icons_icon sc_icon_type_ icon-mail\"><span class=\"sc_icon_type_ icon-mail\"><\/span><\/div><h4 class=\"sc_icons_item_title\"><span>Email<\/span><\/h4><div class=\"sc_icons_item_description\"><span><a href=\"mailto: Info@nordicbox.pl\">Info@nordicbox.pl<\/a><\/span><\/div><\/div><\/div><div class=\"trx_addons_column-1_3\"><div class=\"sc_icons_item\"><div id=\"sc_icons_1521819896_icon-phone-1\" class=\"sc_icons_icon sc_icon_type_ icon-phone-1\"><span class=\"sc_icon_type_ icon-phone-1\"><\/span><\/div><h4 class=\"sc_icons_item_title\"><span>Kontakt od poniedzia\u0142ku do pi\u0105tku 8.00 - 16.00<\/span><\/h4><div class=\"sc_icons_item_description\"><span><a href=\"tel:+48881942031\">881 942 031<\/a><\/span><\/div><\/div><\/div><\/div><\/div><!-- \/.sc_icons --><\/div><\/div><\/div><\/div><div data-vc-full-width=\"true\" data-vc-full-width-init=\"false\" class=\"vc_row wpb_row vc_row-fluid vc_custom_1516099718722 vc_row-has-fill shape_divider_top-none shape_divider_bottom-none\"><div class=\"wpb_column vc_column_container vc_col-sm-12 vc_col-md-6 sc_layouts_column_icons_position_left\"><div class=\"vc_column-inner\"><div class=\"wpb_wrapper\"><div id=\"sc_title_25780125\"\r\n\t\tclass=\"sc_title sc_title_default\"><h2 class=\"sc_item_title sc_title_title sc_align_left sc_item_title_style_default\">Masz pytania? Skontaktuj si\u0119 z nami!<\/h2><\/div><!-- \/.sc_title --><div class=\"vc_empty_space  sc_height_huge\"   style=\"height: 32px\"><span class=\"vc_empty_space_inner\"><\/span><\/div><div class=\"vc_empty_space  vc_custom_1526369441596 sc_height_huge\"   style=\"height: 32px\"><span class=\"vc_empty_space_inner\"><\/span><\/div><\/div><\/div><\/div><div class=\"wpb_column vc_column_container vc_col-sm-6 sc_layouts_column_icons_position_left\"><div class=\"vc_column-inner\"><div class=\"wpb_wrapper\"><\/div><\/div><\/div><\/div><div class=\"vc_row-full-width vc_clearfix\"><\/div><div class=\"vc_row wpb_row vc_row-fluid shape_divider_top-none shape_divider_bottom-none\"><div class=\"wpb_column vc_column_container vc_col-sm-12 sc_layouts_column_icons_position_left\"><div class=\"vc_column-inner\"><div class=\"wpb_wrapper\"><div class=\"sc_content_wrap sc_push_large\"><div id=\"sc_content_1325266331\"\r\n\t\tclass=\"sc_content sc_content_default sc_float_center sc_padding_large  vc_custom_1663084597270\"><div class=\"sc_content_container\">\n<div class=\"wpcf7 no-js\" id=\"wpcf7-f2178-o1\" lang=\"en-US\" dir=\"ltr\">\n<div class=\"screen-reader-response\"><p role=\"status\" aria-live=\"polite\" aria-atomic=\"true\"><\/p> <ul><\/ul><\/div>\n<form action=\"\/pl\/wp-json\/wp\/v2\/pages\/39#wpcf7-f2178-o1\" method=\"post\" class=\"wpcf7-form init\" aria-label=\"Contact form\" novalidate=\"novalidate\" data-status=\"init\" data-trp-original-action=\"\/pl\/wp-json\/wp\/v2\/pages\/39#wpcf7-f2178-o1\">\n<div style=\"display: none;\">\n<input type=\"hidden\" name=\"_wpcf7\" value=\"2178\" \/>\n<input type=\"hidden\" name=\"_wpcf7_version\" value=\"5.8.6\" \/>\n<input type=\"hidden\" name=\"_wpcf7_locale\" value=\"en_US\" \/>\n<input type=\"hidden\" name=\"_wpcf7_unit_tag\" value=\"wpcf7-f2178-o1\" \/>\n<input type=\"hidden\" name=\"_wpcf7_container_post\" value=\"0\" \/>\n<input type=\"hidden\" name=\"_wpcf7_posted_data_hash\" value=\"\" \/>\n<\/div>\n<p><label> Wpisz swoje imie<br \/>\n<span class=\"wpcf7-form-control-wrap\" data-name=\"your-name\"><input size=\"40\" class=\"wpcf7-form-control wpcf7-text wpcf7-validates-as-required\" autocomplete=\"name\" aria-required=\"true\" aria-invalid=\"false\" value=\"\" type=\"text\" name=\"your-name\" \/><\/span> <\/label>\n<\/p>\n<p><label> Wprowad sw\u00f3j email<br \/>\n<span class=\"wpcf7-form-control-wrap\" data-name=\"your-email\"><input size=\"40\" class=\"wpcf7-form-control wpcf7-email wpcf7-validates-as-required wpcf7-text wpcf7-validates-as-email\" autocomplete=\"email\" aria-required=\"true\" aria-invalid=\"false\" value=\"\" type=\"email\" name=\"your-email\" \/><\/span> <\/label>\n<\/p>\n<p><label> Wpisz swoja wiadomosc<br \/>\n<span class=\"wpcf7-form-control-wrap\" data-name=\"your-message\"><textarea cols=\"40\" rows=\"10\" class=\"wpcf7-form-control wpcf7-textarea\" aria-invalid=\"false\" name=\"your-message\"><\/textarea><\/span> <\/label>\n<\/p>\n<p><input class=\"wpcf7-form-control wpcf7-submit has-spinner\" type=\"submit\" value=\"Wyslij wiadomos\u00f3\" \/>\n<\/p><div class=\"wpcf7-response-output\" aria-hidden=\"true\"><\/div>\n<input type=\"hidden\" name=\"trp-form-language\" value=\"pl\"\/><\/form>\n<\/div>\n<\/div><\/div><!-- \/.sc_content --><\/div><!-- \/.sc_content_wrap --><\/div><\/div><\/div><\/div><div class=\"vc_row wpb_row vc_row-fluid shape_divider_top-none shape_divider_bottom-none\"><div class=\"wpb_column vc_column_container vc_col-sm-12 sc_layouts_column_icons_position_left\"><div class=\"vc_column-inner\"><div class=\"wpb_wrapper\"><div class=\"vc_empty_space  sc_height_huge\"   style=\"height: 32px\"><span class=\"vc_empty_space_inner\"><\/span><\/div><\/div><\/div><\/div><\/div>\n<\/section>","protected":false},"excerpt":{"rendered":"LocationJagiello\u0144ska 50, 70-382 SzczecinEmailInfo@nordicbox.plCall hours from 08 - 16881 942&hellip;","protected":false},"author":1,"featured_media":0,"parent":0,"menu_order":0,"comment_status":"closed","ping_status":"closed","template":"","meta":{"_monsterinsights_skip_tracking":false,"_monsterinsights_sitenote_active":false,"_monsterinsights_sitenote_note":"","_monsterinsights_sitenote_category":0,"footnotes":""},"class_list":["post-39","page","type-page","status-publish","hentry"],"yoast_head":"<!-- This site is optimized with the Yoast SEO plugin v21.9.1 - https:\/\/yoast.com\/wordpress\/plugins\/seo\/ -->\n<title>Kontakt z nami \u2013 Nordicbox Self Storage Szczecin.<\/title>\n<meta name=\"description\" content=\"Chcesz wynaj\u0105\u0107 magazyn albo masz wi\u0119cej pyta\u0144 skontaktuj si\u0119 z nami. Z mi\u0142\u0105 ch\u0119ci\u0105 odpowiemy na ka\u017cde Twoje pytanie.\" \/>\n<meta name=\"robots\" content=\"index, follow, max-snippet:-1, max-image-preview:large, max-video-preview:-1\" \/>\n<link rel=\"canonical\" href=\"https:\/\/nordicbox.pl\/pl\/contacts\/\" \/>\n<meta property=\"og:locale\" content=\"pl_PL\" \/>\n<meta property=\"og:type\" content=\"article\" \/>\n<meta property=\"og:title\" content=\"Kontakt z nami \u2013 Nordicbox Self Storage Szczecin.\" \/>\n<meta property=\"og:description\" content=\"Chcesz wynaj\u0105\u0107 magazyn albo masz wi\u0119cej pyta\u0144 skontaktuj si\u0119 z nami. Z mi\u0142\u0105 ch\u0119ci\u0105 odpowiemy na ka\u017cde Twoje pytanie.\" \/>\n<meta property=\"og:url\" content=\"https:\/\/nordicbox.pl\/pl\/contacts\/\" \/>\n<meta property=\"og:site_name\" content=\"NORDICBOX\" \/>\n<meta property=\"article:modified_time\" content=\"2024-01-15T06:08:09+00:00\" \/>\n<meta name=\"twitter:card\" content=\"summary_large_image\" \/>\n<meta name=\"twitter:label1\" content=\"Szacowany czas czytania\" \/>\n\t<meta name=\"twitter:data1\" content=\"1 minuta\" \/>\n<script type=\"application\/ld+json\" class=\"yoast-schema-graph\">{\"@context\":\"https:\/\/schema.org\",\"@graph\":[{\"@type\":\"WebPage\",\"@id\":\"https:\/\/nordicbox.pl\/pl\/contacts\/\",\"url\":\"https:\/\/nordicbox.pl\/pl\/contacts\/\",\"name\":\"Kontakt z nami \u2013 Nordicbox Self Storage Szczecin.\",\"isPartOf\":{\"@id\":\"https:\/\/nordicbox.pl\/pl\/#website\"},\"datePublished\":\"2018-01-12T10:37:42+00:00\",\"dateModified\":\"2024-01-15T06:08:09+00:00\",\"description\":\"Chcesz wynaj\u0105\u0107 magazyn albo masz wi\u0119cej pyta\u0144 skontaktuj si\u0119 z nami. Z mi\u0142\u0105 ch\u0119ci\u0105 odpowiemy na ka\u017cde Twoje pytanie.\",\"breadcrumb\":{\"@id\":\"https:\/\/nordicbox.pl\/pl\/contacts\/#breadcrumb\"},\"inLanguage\":\"pl-PL\",\"potentialAction\":[{\"@type\":\"ReadAction\",\"target\":[\"https:\/\/nordicbox.pl\/pl\/contacts\/\"]}]},{\"@type\":\"BreadcrumbList\",\"@id\":\"https:\/\/nordicbox.pl\/pl\/contacts\/#breadcrumb\",\"itemListElement\":[{\"@type\":\"ListItem\",\"position\":1,\"name\":\"Home\",\"item\":\"https:\/\/nordicbox.pl\/\"},{\"@type\":\"ListItem\",\"position\":2,\"name\":\"Contacts\"}]},{\"@type\":\"WebSite\",\"@id\":\"https:\/\/nordicbox.pl\/pl\/#website\",\"url\":\"https:\/\/nordicbox.pl\/pl\/\",\"name\":\"NORDICBOX\",\"description\":\"Self-storage\",\"publisher\":{\"@id\":\"https:\/\/nordicbox.pl\/pl\/#organization\"},\"potentialAction\":[{\"@type\":\"SearchAction\",\"target\":{\"@type\":\"EntryPoint\",\"urlTemplate\":\"https:\/\/nordicbox.pl\/pl\/?s={search_term_string}\"},\"query-input\":\"required name=search_term_string\"}],\"inLanguage\":\"pl-PL\"},{\"@type\":\"Organization\",\"@id\":\"https:\/\/nordicbox.pl\/pl\/#organization\",\"name\":\"NORDICBOX\",\"url\":\"https:\/\/nordicbox.pl\/pl\/\",\"logo\":{\"@type\":\"ImageObject\",\"inLanguage\":\"pl-PL\",\"@id\":\"https:\/\/nordicbox.pl\/pl\/#\/schema\/logo\/image\/\",\"url\":\"https:\/\/nordicbox.pl\/wp-content\/uploads\/2022\/07\/NordicBox-storage-1.png\",\"contentUrl\":\"https:\/\/nordicbox.pl\/wp-content\/uploads\/2022\/07\/NordicBox-storage-1.png\",\"width\":524,\"height\":336,\"caption\":\"NORDICBOX\"},\"image\":{\"@id\":\"https:\/\/nordicbox.pl\/pl\/#\/schema\/logo\/image\/\"}}]}<\/script>\n<!-- \/ Yoast SEO plugin. -->","yoast_head_json":{"title":"Kontakt z nami \u2013 Nordicbox Self Storage Szczecin.","description":"Chcesz wynaj\u0105\u0107 magazyn albo masz wi\u0119cej pyta\u0144 skontaktuj si\u0119 z nami. Z mi\u0142\u0105 ch\u0119ci\u0105 odpowiemy na ka\u017cde Twoje pytanie.","robots":{"index":"index","follow":"follow","max-snippet":"max-snippet:-1","max-image-preview":"max-image-preview:large","max-video-preview":"max-video-preview:-1"},"canonical":"https:\/\/nordicbox.pl\/pl\/contacts\/","og_locale":"pl_PL","og_type":"article","og_title":"Kontakt z nami \u2013 Nordicbox Self Storage Szczecin.","og_description":"Chcesz wynaj\u0105\u0107 magazyn albo masz wi\u0119cej pyta\u0144 skontaktuj si\u0119 z nami. Z mi\u0142\u0105 ch\u0119ci\u0105 odpowiemy na ka\u017cde Twoje pytanie.","og_url":"https:\/\/nordicbox.pl\/pl\/contacts\/","og_site_name":"NORDICBOX","article_modified_time":"2024-01-15T06:08:09+00:00","twitter_card":"summary_large_image","twitter_misc":{"Szacowany czas czytania":"1 minuta"},"schema":{"@context":"https:\/\/schema.org","@graph":[{"@type":"WebPage","@id":"https:\/\/nordicbox.pl\/pl\/contacts\/","url":"https:\/\/nordicbox.pl\/pl\/contacts\/","name":"Kontakt z nami \u2013 Nordicbox Self Storage Szczecin.","isPartOf":{"@id":"https:\/\/nordicbox.pl\/pl\/#website"},"datePublished":"2018-01-12T10:37:42+00:00","dateModified":"2024-01-15T06:08:09+00:00","description":"Chcesz wynaj\u0105\u0107 magazyn albo masz wi\u0119cej pyta\u0144 skontaktuj si\u0119 z nami. Z mi\u0142\u0105 ch\u0119ci\u0105 odpowiemy na ka\u017cde Twoje pytanie.","breadcrumb":{"@id":"https:\/\/nordicbox.pl\/pl\/contacts\/#breadcrumb"},"inLanguage":"pl-PL","potentialAction":[{"@type":"ReadAction","target":["https:\/\/nordicbox.pl\/pl\/contacts\/"]}]},{"@type":"BreadcrumbList","@id":"https:\/\/nordicbox.pl\/pl\/contacts\/#breadcrumb","itemListElement":[{"@type":"ListItem","position":1,"name":"Home","item":"https:\/\/nordicbox.pl\/"},{"@type":"ListItem","position":2,"name":"Contacts"}]},{"@type":"WebSite","@id":"https:\/\/nordicbox.pl\/pl\/#website","url":"https:\/\/nordicbox.pl\/pl\/","name":"NORDICBOX","description":"Self-storage","publisher":{"@id":"https:\/\/nordicbox.pl\/pl\/#organization"},"potentialAction":[{"@type":"SearchAction","target":{"@type":"EntryPoint","urlTemplate":"https:\/\/nordicbox.pl\/pl\/?s={search_term_string}"},"query-input":"required name=search_term_string"}],"inLanguage":"pl-PL"},{"@type":"Organization","@id":"https:\/\/nordicbox.pl\/pl\/#organization","name":"NORDICBOX","url":"https:\/\/nordicbox.pl\/pl\/","logo":{"@type":"ImageObject","inLanguage":"pl-PL","@id":"https:\/\/nordicbox.pl\/pl\/#\/schema\/logo\/image\/","url":"https:\/\/nordicbox.pl\/wp-content\/uploads\/2022\/07\/NordicBox-storage-1.png","contentUrl":"https:\/\/nordicbox.pl\/wp-content\/uploads\/2022\/07\/NordicBox-storage-1.png","width":524,"height":336,"caption":"NORDICBOX"},"image":{"@id":"https:\/\/nordicbox.pl\/pl\/#\/schema\/logo\/image\/"}}]}},"jetpack_sharing_enabled":true,"_links":{"self":[{"href":"https:\/\/nordicbox.pl\/pl\/wp-json\/wp\/v2\/pages\/39","targetHints":{"allow":["GET"]}}],"collection":[{"href":"https:\/\/nordicbox.pl\/pl\/wp-json\/wp\/v2\/pages"}],"about":[{"href":"https:\/\/nordicbox.pl\/pl\/wp-json\/wp\/v2\/types\/page"}],"author":[{"embeddable":true,"href":"https:\/\/nordicbox.pl\/pl\/wp-json\/wp\/v2\/users\/1"}],"replies":[{"embeddable":true,"href":"https:\/\/nordicbox.pl\/pl\/wp-json\/wp\/v2\/comments?post=39"}],"version-history":[{"count":8,"href":"https:\/\/nordicbox.pl\/pl\/wp-json\/wp\/v2\/pages\/39\/revisions"}],"predecessor-version":[{"id":2193,"href":"https:\/\/nordicbox.pl\/pl\/wp-json\/wp\/v2\/pages\/39\/revisions\/2193"}],"wp:attachment":[{"href":"https:\/\/nordicbox.pl\/pl\/wp-json\/wp\/v2\/media?parent=39"}],"curies":[{"name":"wp","href":"https:\/\/api.w.org\/{rel}","templated":true}]}}