{"id":40,"date":"2018-01-12T10:37:51","date_gmt":"2018-01-12T10:37:51","guid":{"rendered":"http:\/\/nordicbox.pl\/?page_id=40"},"modified":"2023-01-13T16:41:46","modified_gmt":"2023-01-13T16:41:46","slug":"nasze-uslugi","status":"publish","type":"page","link":"https:\/\/nordicbox.pl\/pl\/nasze-uslugi\/","title":{"rendered":"Us\u0142ugi"},"content":{"rendered":"<section class=\"wpb-content-wrapper\"><div class=\"vc_row wpb_row vc_row-fluid shape_divider_top-none shape_divider_bottom-none\"><div class=\"wpb_column vc_column_container vc_col-sm-12 sc_layouts_column_icons_position_left\"><div class=\"vc_column-inner\"><div class=\"wpb_wrapper\"><div id=\"sc_services_2000555822\" class=\"sc_services sc_services_light sc_services_featured_top\"><h2 class=\"sc_item_title sc_services_title sc_align_center sc_item_title_style_default\">Wybierz typ magazynu, kt\u00f3ry najlepiej odpowiada Twoim potrzebom<\/h2><div class=\"sc_services_columns_wrap sc_item_columns sc_item_posts_container sc_item_columns_3 trx_addons_columns_wrap columns_padding_bottom\"><div class=\"trx_addons_column-1_3\"><div class=\"sc_services_item no_links with_content with_number sc_services_item_featured_top post-248 cpt_services type-cpt_services status-publish has-post-thumbnail hentry cpt_services_group-safe\">\r\n\t<span class=\"sc_services_item_number\">01<\/span>\t\r\n\t<div class=\"sc_services_item_info\">\r\n\t\t<div class=\"sc_services_item_header\"><div class=\"sc_services_item_subtitle\"><a href=\"https:\/\/nordicbox.pl\/pl\/services_group\/safe\/\" title=\"View all posts in Safe\">Safe<\/a><\/div>\t\t\t<h4 class=\"sc_services_item_title\"><a href=\"https:\/\/nordicbox.pl\/pl\/services\/24-hour-surveillance\/\">\u015awietna lokalizacja<\/a><\/h4><\/div><div class=\"sc_services_item_content\"><p>Magazyn samoobs\u0142ugowy z ca\u0142odobowym nadzorem blisko centrum miasta przy drodze prowadz\u0105cej na Pogodno, Gumie\u0144ce, Mierzyn, Bezrzecze.<\/p>\n<\/div><div class=\"sc_services_item_button sc_item_button\"><a href=\"https:\/\/nordicbox.pl\/pl\/services\/24-hour-surveillance\/\" class=\"sc_button sc_button_simple\">wi\u0119cej informacji<\/a><\/div><\/div>\r\n<\/div><\/div><div class=\"trx_addons_column-1_3\"><div class=\"sc_services_item no_links with_content with_number sc_services_item_featured_top post-247 cpt_services type-cpt_services status-publish hentry cpt_services_group-safe\">\r\n\t<span class=\"sc_services_item_number\">02<\/span>\t\r\n\t<div class=\"sc_services_item_info\">\r\n\t\t<div class=\"sc_services_item_header\"><div class=\"sc_services_item_subtitle\"><a href=\"https:\/\/nordicbox.pl\/pl\/services_group\/safe\/\" title=\"View all posts in Safe\">Safe<\/a><\/div>\t\t\t<h4 class=\"sc_services_item_title\"><a href=\"https:\/\/nordicbox.pl\/pl\/services\/online-booking\/\">System rezerwacji online<\/a><\/h4><\/div><div class=\"sc_services_item_content\"><p>Wiemy, \u017ce Tw\u00f3j czas jest cenny, dlatego zaprojektowali\u015bmy nasz proces rezerwacji tak, aby by\u0142 prosty i intuicyjny.<\/p>\n<\/div><div class=\"sc_services_item_button sc_item_button\"><a href=\"https:\/\/nordicbox.pl\/pl\/services\/online-booking\/\" class=\"sc_button sc_button_simple\">wi\u0119cej informacji<\/a><\/div><\/div>\r\n<\/div><\/div><div class=\"trx_addons_column-1_3\"><div class=\"sc_services_item no_links with_content with_number sc_services_item_featured_top post-244 cpt_services type-cpt_services status-publish hentry cpt_services_group-safe\">\r\n\t<span class=\"sc_services_item_number\">03<\/span>\t\r\n\t<div class=\"sc_services_item_info\">\r\n\t\t<div class=\"sc_services_item_header\"><div class=\"sc_services_item_subtitle\"><a href=\"https:\/\/nordicbox.pl\/pl\/services_group\/safe\/\" title=\"View all posts in Safe\">Safe<\/a><\/div>\t\t\t<h4 class=\"sc_services_item_title\"><a href=\"https:\/\/nordicbox.pl\/pl\/services\/after-hours-access\/\">Ca\u0142odobowy dost\u0119p<\/a><\/h4><\/div><div class=\"sc_services_item_content\"><p>Dost\u0119p do obiektu 24\/7 czyni go naprawd\u0119 wygodnym, mo\u017cesz przyj\u015b\u0107 kiedy tylko chcesz!<\/p>\n<\/div><div class=\"sc_services_item_button sc_item_button\"><a href=\"https:\/\/nordicbox.pl\/pl\/services\/after-hours-access\/\" class=\"sc_button sc_button_simple\">wi\u0119cej informacji<\/a><\/div><\/div>\r\n<\/div><\/div><div class=\"trx_addons_column-1_3\"><div class=\"sc_services_item no_links with_content with_number sc_services_item_featured_top post-231 cpt_services type-cpt_services status-publish hentry cpt_services_group-safe\">\r\n\t<span class=\"sc_services_item_number\">04<\/span>\t\r\n\t<div class=\"sc_services_item_info\">\r\n\t\t<div class=\"sc_services_item_header\"><div class=\"sc_services_item_subtitle\"><a href=\"https:\/\/nordicbox.pl\/pl\/services_group\/safe\/\" title=\"View all posts in Safe\">Safe<\/a><\/div>\t\t\t<h4 class=\"sc_services_item_title\"><a href=\"https:\/\/nordicbox.pl\/pl\/services\/enhanced-self-storage-security\/\">Zabezpieczenie Self Storage<\/a><\/h4><\/div><div class=\"sc_services_item_content\"><p>Oferujemy wysokiej jako\u015bci magazyn z ca\u0142odobowym nadzorem, w\u0142asnym kodem dost\u0119pu do obiektu oraz rezerwacj\u0105 online. Tw\u00f3j boks zabezpieczony b\u0119dzie k\u0142\u00f3dk\u0105 do kt\u00f3rej tylko Ty posiada\u0107 b\u0119dziesz klucz.<\/p>\n<\/div><div class=\"sc_services_item_button sc_item_button\"><a href=\"https:\/\/nordicbox.pl\/pl\/services\/enhanced-self-storage-security\/\" class=\"sc_button sc_button_simple\">wi\u0119cej informacji<\/a><\/div><\/div>\r\n<\/div><\/div><div class=\"trx_addons_column-1_3\"><div class=\"sc_services_item no_links with_content with_number sc_services_item_featured_top post-222 cpt_services type-cpt_services status-publish hentry cpt_services_group-safe\">\r\n\t<span class=\"sc_services_item_number\">05<\/span>\t\r\n\t<div class=\"sc_services_item_info\">\r\n\t\t<div class=\"sc_services_item_header\"><div class=\"sc_services_item_subtitle\"><a href=\"https:\/\/nordicbox.pl\/pl\/services_group\/safe\/\" title=\"View all posts in Safe\">Safe<\/a><\/div>\t\t\t<h4 class=\"sc_services_item_title\"><a href=\"https:\/\/nordicbox.pl\/pl\/services\/climate-controlled-storage\/\">Bezpieczne przechowywanie<\/a><\/h4><\/div><div class=\"sc_services_item_content\"><p>Mo\u017cesz pom\u00f3c chroni\u0107 swoje rzeczy osobiste lub w\u0142asno\u015b\u0107 firmy przed ekstremalnie wysokimi i niskimi temperaturami w magazynie z kontrol\u0105 pod k\u0105tem temperatury i wilgotno\u015bci.<\/p>\n<\/div><div class=\"sc_services_item_button sc_item_button\"><a href=\"https:\/\/nordicbox.pl\/pl\/services\/climate-controlled-storage\/\" class=\"sc_button sc_button_simple\">wi\u0119cej informacji<\/a><\/div><\/div>\r\n<\/div><\/div><div class=\"trx_addons_column-1_3\"><div class=\"sc_services_item no_links with_content with_number sc_services_item_featured_top post-216 cpt_services type-cpt_services status-publish has-post-thumbnail hentry cpt_services_group-safe\">\r\n\t<span class=\"sc_services_item_number\">06<\/span>\t\r\n\t<div class=\"sc_services_item_info\">\r\n\t\t<div class=\"sc_services_item_header\"><div class=\"sc_services_item_subtitle\"><a href=\"https:\/\/nordicbox.pl\/pl\/services_group\/safe\/\" title=\"View all posts in Safe\">Safe<\/a><\/div>\t\t\t<h4 class=\"sc_services_item_title\"><a href=\"https:\/\/nordicbox.pl\/pl\/services\/residential-moving\/\">Wysoka brama elektryczna<\/a><\/h4><\/div><div class=\"sc_services_item_content\"><p>Oferujemy bram\u0119 elektrycznie podnoszon\u0105 o wysoko\u015bci 3 m, szeroko\u015bci 2 m z ramp\u0105 wy\u0142adunkow\u0105 dla bus\u00f3w, aut dostawczych i p\u00f3\u0142ci\u0119\u017car\u00f3wek oraz wind\u0105 towarow\u0105 o szeroko\u015bci 2 m i d\u0142ugo\u015bci 4,5 m<\/p>\n<\/div><div class=\"sc_services_item_button sc_item_button\"><a href=\"https:\/\/nordicbox.pl\/pl\/services\/residential-moving\/\" class=\"sc_button sc_button_simple\">wi\u0119cej informacji<\/a><\/div><\/div>\r\n<\/div><\/div><\/div><\/div><!-- \/.sc_services --><\/div><\/div><\/div><\/div><div class=\"vc_row wpb_row vc_row-fluid shape_divider_top-none shape_divider_bottom-none\"><div class=\"wpb_column vc_column_container vc_col-sm-12 vc_col-md-offset-2 vc_col-md-8 sc_layouts_column_icons_position_left\"><div class=\"vc_column-inner\"><div class=\"wpb_wrapper\"><\/div><\/div><\/div><\/div><div class=\"vc_row wpb_row vc_row-fluid shape_divider_top-none shape_divider_bottom-none\"><div class=\"wpb_column vc_column_container vc_col-sm-12 sc_layouts_column_icons_position_left\"><div class=\"vc_column-inner\"><div class=\"wpb_wrapper\"><div class=\"vc_btn3-container vc_btn3-center\" ><a class=\"vc_general vc_btn3 vc_btn3-size-lg vc_btn3-shape-rounded vc_btn3-style-modern vc_btn3-block vc_btn3-color-grey\" href=\"https:\/\/nordicbox.pl\/pl\/cennik\/\" title=\"Wynajmij teraz\">Cennik<\/a><\/div><\/div><\/div><\/div><\/div>\n<\/section>","protected":false},"excerpt":{"rendered":"We offer a 3 m high, 2 m wide electrically&hellip;","protected":false},"author":1,"featured_media":0,"parent":0,"menu_order":0,"comment_status":"closed","ping_status":"closed","template":"","meta":{"_monsterinsights_skip_tracking":false,"_monsterinsights_sitenote_active":false,"_monsterinsights_sitenote_note":"","_monsterinsights_sitenote_category":0,"footnotes":""},"class_list":["post-40","page","type-page","status-publish","hentry"],"yoast_head":"<!-- This site is optimized with the Yoast SEO plugin v21.9.1 - https:\/\/yoast.com\/wordpress\/plugins\/seo\/ -->\n<title>Dowiedz si\u0119 wi\u0119cej o us\u0142udze Self Storage w Szczecinie.<\/title>\n<meta name=\"description\" content=\"Poznaj korzy\u015bci p\u0142yn\u0105ce z wynajmu magazyn\u00f3w samoobs\u0142ugowych Self Storage. Przechowuj w komfortowych warunkach swoje rzeczy osobiste\" \/>\n<meta name=\"robots\" content=\"index, follow, max-snippet:-1, max-image-preview:large, max-video-preview:-1\" \/>\n<link rel=\"canonical\" href=\"https:\/\/nordicbox.pl\/pl\/nasze-uslugi\/\" \/>\n<meta property=\"og:locale\" content=\"pl_PL\" \/>\n<meta property=\"og:type\" content=\"article\" \/>\n<meta property=\"og:title\" content=\"Dowiedz si\u0119 wi\u0119cej o us\u0142udze Self Storage w Szczecinie.\" \/>\n<meta property=\"og:description\" content=\"Poznaj korzy\u015bci p\u0142yn\u0105ce z wynajmu magazyn\u00f3w samoobs\u0142ugowych Self Storage. Przechowuj w komfortowych warunkach swoje rzeczy osobiste\" \/>\n<meta property=\"og:url\" content=\"https:\/\/nordicbox.pl\/pl\/nasze-uslugi\/\" \/>\n<meta property=\"og:site_name\" content=\"NORDICBOX\" \/>\n<meta property=\"article:modified_time\" content=\"2023-01-13T16:41:46+00:00\" \/>\n<meta name=\"twitter:card\" content=\"summary_large_image\" \/>\n<meta name=\"twitter:label1\" content=\"Szacowany czas czytania\" \/>\n\t<meta name=\"twitter:data1\" content=\"1 minuta\" \/>\n<script type=\"application\/ld+json\" class=\"yoast-schema-graph\">{\"@context\":\"https:\/\/schema.org\",\"@graph\":[{\"@type\":\"WebPage\",\"@id\":\"https:\/\/nordicbox.pl\/pl\/nasze-uslugi\/\",\"url\":\"https:\/\/nordicbox.pl\/pl\/nasze-uslugi\/\",\"name\":\"Dowiedz si\u0119 wi\u0119cej o us\u0142udze Self Storage w Szczecinie.\",\"isPartOf\":{\"@id\":\"https:\/\/nordicbox.pl\/pl\/#website\"},\"datePublished\":\"2018-01-12T10:37:51+00:00\",\"dateModified\":\"2023-01-13T16:41:46+00:00\",\"description\":\"Poznaj korzy\u015bci p\u0142yn\u0105ce z wynajmu magazyn\u00f3w samoobs\u0142ugowych Self Storage. Przechowuj w komfortowych warunkach swoje rzeczy osobiste\",\"breadcrumb\":{\"@id\":\"https:\/\/nordicbox.pl\/pl\/nasze-uslugi\/#breadcrumb\"},\"inLanguage\":\"pl-PL\",\"potentialAction\":[{\"@type\":\"ReadAction\",\"target\":[\"https:\/\/nordicbox.pl\/pl\/nasze-uslugi\/\"]}]},{\"@type\":\"BreadcrumbList\",\"@id\":\"https:\/\/nordicbox.pl\/pl\/nasze-uslugi\/#breadcrumb\",\"itemListElement\":[{\"@type\":\"ListItem\",\"position\":1,\"name\":\"Home\",\"item\":\"https:\/\/nordicbox.pl\/\"},{\"@type\":\"ListItem\",\"position\":2,\"name\":\"Our Services\"}]},{\"@type\":\"WebSite\",\"@id\":\"https:\/\/nordicbox.pl\/pl\/#website\",\"url\":\"https:\/\/nordicbox.pl\/pl\/\",\"name\":\"NORDICBOX\",\"description\":\"Self-storage\",\"publisher\":{\"@id\":\"https:\/\/nordicbox.pl\/pl\/#organization\"},\"potentialAction\":[{\"@type\":\"SearchAction\",\"target\":{\"@type\":\"EntryPoint\",\"urlTemplate\":\"https:\/\/nordicbox.pl\/pl\/?s={search_term_string}\"},\"query-input\":\"required name=search_term_string\"}],\"inLanguage\":\"pl-PL\"},{\"@type\":\"Organization\",\"@id\":\"https:\/\/nordicbox.pl\/pl\/#organization\",\"name\":\"NORDICBOX\",\"url\":\"https:\/\/nordicbox.pl\/pl\/\",\"logo\":{\"@type\":\"ImageObject\",\"inLanguage\":\"pl-PL\",\"@id\":\"https:\/\/nordicbox.pl\/pl\/#\/schema\/logo\/image\/\",\"url\":\"https:\/\/nordicbox.pl\/wp-content\/uploads\/2022\/07\/NordicBox-storage-1.png\",\"contentUrl\":\"https:\/\/nordicbox.pl\/wp-content\/uploads\/2022\/07\/NordicBox-storage-1.png\",\"width\":524,\"height\":336,\"caption\":\"NORDICBOX\"},\"image\":{\"@id\":\"https:\/\/nordicbox.pl\/pl\/#\/schema\/logo\/image\/\"}}]}<\/script>\n<!-- \/ Yoast SEO plugin. -->","yoast_head_json":{"title":"Dowiedz si\u0119 wi\u0119cej o us\u0142udze Self Storage w Szczecinie.","description":"Poznaj korzy\u015bci p\u0142yn\u0105ce z wynajmu magazyn\u00f3w samoobs\u0142ugowych Self Storage. Przechowuj w komfortowych warunkach swoje rzeczy osobiste","robots":{"index":"index","follow":"follow","max-snippet":"max-snippet:-1","max-image-preview":"max-image-preview:large","max-video-preview":"max-video-preview:-1"},"canonical":"https:\/\/nordicbox.pl\/pl\/nasze-uslugi\/","og_locale":"pl_PL","og_type":"article","og_title":"Dowiedz si\u0119 wi\u0119cej o us\u0142udze Self Storage w Szczecinie.","og_description":"Poznaj korzy\u015bci p\u0142yn\u0105ce z wynajmu magazyn\u00f3w samoobs\u0142ugowych Self Storage. Przechowuj w komfortowych warunkach swoje rzeczy osobiste","og_url":"https:\/\/nordicbox.pl\/pl\/nasze-uslugi\/","og_site_name":"NORDICBOX","article_modified_time":"2023-01-13T16:41:46+00:00","twitter_card":"summary_large_image","twitter_misc":{"Szacowany czas czytania":"1 minuta"},"schema":{"@context":"https:\/\/schema.org","@graph":[{"@type":"WebPage","@id":"https:\/\/nordicbox.pl\/pl\/nasze-uslugi\/","url":"https:\/\/nordicbox.pl\/pl\/nasze-uslugi\/","name":"Dowiedz si\u0119 wi\u0119cej o us\u0142udze Self Storage w Szczecinie.","isPartOf":{"@id":"https:\/\/nordicbox.pl\/pl\/#website"},"datePublished":"2018-01-12T10:37:51+00:00","dateModified":"2023-01-13T16:41:46+00:00","description":"Poznaj korzy\u015bci p\u0142yn\u0105ce z wynajmu magazyn\u00f3w samoobs\u0142ugowych Self Storage. Przechowuj w komfortowych warunkach swoje rzeczy osobiste","breadcrumb":{"@id":"https:\/\/nordicbox.pl\/pl\/nasze-uslugi\/#breadcrumb"},"inLanguage":"pl-PL","potentialAction":[{"@type":"ReadAction","target":["https:\/\/nordicbox.pl\/pl\/nasze-uslugi\/"]}]},{"@type":"BreadcrumbList","@id":"https:\/\/nordicbox.pl\/pl\/nasze-uslugi\/#breadcrumb","itemListElement":[{"@type":"ListItem","position":1,"name":"Home","item":"https:\/\/nordicbox.pl\/"},{"@type":"ListItem","position":2,"name":"Our Services"}]},{"@type":"WebSite","@id":"https:\/\/nordicbox.pl\/pl\/#website","url":"https:\/\/nordicbox.pl\/pl\/","name":"NORDICBOX","description":"Self-storage","publisher":{"@id":"https:\/\/nordicbox.pl\/pl\/#organization"},"potentialAction":[{"@type":"SearchAction","target":{"@type":"EntryPoint","urlTemplate":"https:\/\/nordicbox.pl\/pl\/?s={search_term_string}"},"query-input":"required name=search_term_string"}],"inLanguage":"pl-PL"},{"@type":"Organization","@id":"https:\/\/nordicbox.pl\/pl\/#organization","name":"NORDICBOX","url":"https:\/\/nordicbox.pl\/pl\/","logo":{"@type":"ImageObject","inLanguage":"pl-PL","@id":"https:\/\/nordicbox.pl\/pl\/#\/schema\/logo\/image\/","url":"https:\/\/nordicbox.pl\/wp-content\/uploads\/2022\/07\/NordicBox-storage-1.png","contentUrl":"https:\/\/nordicbox.pl\/wp-content\/uploads\/2022\/07\/NordicBox-storage-1.png","width":524,"height":336,"caption":"NORDICBOX"},"image":{"@id":"https:\/\/nordicbox.pl\/pl\/#\/schema\/logo\/image\/"}}]}},"jetpack_sharing_enabled":true,"_links":{"self":[{"href":"https:\/\/nordicbox.pl\/pl\/wp-json\/wp\/v2\/pages\/40","targetHints":{"allow":["GET"]}}],"collection":[{"href":"https:\/\/nordicbox.pl\/pl\/wp-json\/wp\/v2\/pages"}],"about":[{"href":"https:\/\/nordicbox.pl\/pl\/wp-json\/wp\/v2\/types\/page"}],"author":[{"embeddable":true,"href":"https:\/\/nordicbox.pl\/pl\/wp-json\/wp\/v2\/users\/1"}],"replies":[{"embeddable":true,"href":"https:\/\/nordicbox.pl\/pl\/wp-json\/wp\/v2\/comments?post=40"}],"version-history":[{"count":5,"href":"https:\/\/nordicbox.pl\/pl\/wp-json\/wp\/v2\/pages\/40\/revisions"}],"predecessor-version":[{"id":2150,"href":"https:\/\/nordicbox.pl\/pl\/wp-json\/wp\/v2\/pages\/40\/revisions\/2150"}],"wp:attachment":[{"href":"https:\/\/nordicbox.pl\/pl\/wp-json\/wp\/v2\/media?parent=40"}],"curies":[{"name":"wp","href":"https:\/\/api.w.org\/{rel}","templated":true}]}}